{"id":9462009,"date":"2024-06-03T09:25:58","date_gmt":"2024-06-03T09:25:58","guid":{"rendered":"https:\/\/tpohotelariaecasa.pt\/index.php\/product\/premium-fogao-6-queimadores-unidade-tripla-90-cm-de-profundidade-gas\/"},"modified":"2025-04-03T09:10:06","modified_gmt":"2025-04-03T09:10:06","slug":"premium-fogao-6-queimadores-unidade-tripla-90-cm-de-profundidade-gas","status":"publish","type":"product","link":"https:\/\/tpohotelariaecasa.pt\/index.php\/product\/premium-fogao-6-queimadores-unidade-tripla-90-cm-de-profundidade-gas\/","title":{"rendered":"Premium Fog\u00e3o &#8211; 6 Queimadores &#8211; Unidade Tripla &#8211; 90 cm de Profundidade &#8211; G\u00e1s"},"content":{"rendered":"<p><strong>Especifica\u00e7\u00f5es do produto<\/strong><\/p>\n<ul>\n<li>Peso l\u00edquido: 86 kg<\/li>\n<li>Dimens\u00f5es do aparelho: L120 x P90 x A28cm<\/li>\n<li>Capacidade do queimador de g\u00e1s: 3 x 6,0 kW e 3 x 10,0 kW<\/li>\n<li>Pot\u00eancia total de g\u00e1s: 48,0 kW<\/li>\n<li>Injectores de g\u00e1s instalados: G25 &#8211; g\u00e1s natural<\/li>\n<li>Conjunto adicional de injectores de g\u00e1s: G30 &#8211; GPL (propano\/butano)<\/li>\n<\/ul>\n","protected":false},"excerpt":{"rendered":"<p>Este fog\u00e3o de qualidade superior tem 6 queimadores e \u00e9 ideal para uma utiliza\u00e7\u00e3o di\u00e1ria intensiva na cozinha profissional. O fog\u00e3o tem 90 cm de profundidade e \u00e9 adequado para panelas grandes. H\u00e1 tamb\u00e9m espa\u00e7o suficiente para abastecer todos os queimadores com panelas grandes. consulte Mais informa\u00e7\u00e3o<\/p>\n","protected":false},"featured_media":9462008,"comment_status":"open","ping_status":"closed","template":"","meta":[],"product_cat":[140,84],"product_tag":[],"class_list":["post-9462009","product","type-product","status-publish","has-post-thumbnail","hentry","product_cat-cozedura-aquecimento","product_cat-fogoesepanelas","product_shipping_class-gph"],"_links":{"self":[{"href":"https:\/\/tpohotelariaecasa.pt\/index.php\/wp-json\/wp\/v2\/product\/9462009"}],"collection":[{"href":"https:\/\/tpohotelariaecasa.pt\/index.php\/wp-json\/wp\/v2\/product"}],"about":[{"href":"https:\/\/tpohotelariaecasa.pt\/index.php\/wp-json\/wp\/v2\/types\/product"}],"replies":[{"embeddable":true,"href":"https:\/\/tpohotelariaecasa.pt\/index.php\/wp-json\/wp\/v2\/comments?post=9462009"}],"wp:featuredmedia":[{"embeddable":true,"href":"https:\/\/tpohotelariaecasa.pt\/index.php\/wp-json\/wp\/v2\/media\/9462008"}],"wp:attachment":[{"href":"https:\/\/tpohotelariaecasa.pt\/index.php\/wp-json\/wp\/v2\/media?parent=9462009"}],"wp:term":[{"taxonomy":"product_cat","embeddable":true,"href":"https:\/\/tpohotelariaecasa.pt\/index.php\/wp-json\/wp\/v2\/product_cat?post=9462009"},{"taxonomy":"product_tag","embeddable":true,"href":"https:\/\/tpohotelariaecasa.pt\/index.php\/wp-json\/wp\/v2\/product_tag?post=9462009"}],"curies":[{"name":"wp","href":"https:\/\/api.w.org\/{rel}","templated":true}]}}