{"id":9462011,"date":"2024-06-03T09:25:59","date_gmt":"2024-06-03T09:25:59","guid":{"rendered":"https:\/\/tpohotelariaecasa.pt\/index.php\/product\/premium-fogao-4-queimadores-unidade-dupla-90-cm-de-profundidade-eletrica\/"},"modified":"2025-04-03T09:10:06","modified_gmt":"2025-04-03T09:10:06","slug":"premium-fogao-4-queimadores-unidade-dupla-90-cm-de-profundidade-eletrica","status":"publish","type":"product","link":"https:\/\/tpohotelariaecasa.pt\/index.php\/product\/premium-fogao-4-queimadores-unidade-dupla-90-cm-de-profundidade-eletrica\/","title":{"rendered":"Premium Fog\u00e3o &#8211; 4 Queimadores &#8211; Unidade Dupla &#8211; 90 cm de Profundidade &#8211; El\u00e9trica"},"content":{"rendered":"<p>Caracter\u00edsticas do fog\u00e3o el\u00e9ctrico premium:<\/p>\n<ul>\n<li>Hob com cantos arredondados, f\u00e1cil de limpar<\/li>\n<li>Componentes para servi\u00e7o pesado<\/li>\n<li>Interruptor de seguran\u00e7a contra sobreaquecimento<\/li>\n<li>Placa individual tem 6 configura\u00e7\u00f5es<\/li>\n<li>Dimens\u00f5es placa \u00fanica: L30 x D30cm<\/li>\n<li>Temperatura entre 90-450\u00b0C<\/li>\n<li>Constru\u00e7\u00e3o altamente dur\u00e1vel<\/li>\n<li>Desenho higi\u00e9nico<\/li>\n<\/ul>\n<p>Caracter\u00edsticas do forno el\u00e9ctrico:<\/p>\n<ul>\n<li>C\u00e2mara do forno feita de a\u00e7o inoxid\u00e1vel<\/li>\n<li>Elementos de aquecimento superior e inferior<\/li>\n<li>Os elementos de aquecimento podem ser utilizados individualmente ou em conjunto<\/li>\n<li>Grelha cromada com 3 n\u00edveis para contentores GN 2\/1<\/li>\n<li>Bom isolamento com porta do forno de a\u00e7o inoxid\u00e1vel de 40mm de espessura<\/li>\n<li>Punho ergon\u00f3mico e forte<\/li>\n<li>Term\u00f3stato de seguran\u00e7a 50-300\u00b0C<\/li>\n<\/ul>\n<p><strong>Especifica\u00e7\u00f5es do produto<\/strong><\/p>\n<ul>\n<li>Peso l\u00edquido: 119kg<\/li>\n<li>Dimens\u00f5es do dispositivo: L80 x D90 x H85cm<\/li>\n<li>Pot\u00eancia do forno: 6,0 kW<\/li>\n<li>Pot\u00eancia el\u00e9ctrica total: 22,0 kW<\/li>\n<li>Pot\u00eancia: 400V \/ 50Hz \/ 3 fases 22000W<\/li>\n<\/ul>\n","protected":false},"excerpt":{"rendered":"<p>Este fog\u00e3o el\u00e9ctrico Premium tem quatro queimadores e um potente forno el\u00e9ctrico. Tem sido maravilhosamente feito em a\u00e7o inoxid\u00e1vel completo e \u00e9 ideal para uso di\u00e1rio intensivo na cozinha profissional. Pode ser colocado numa linha de cozedura. Cada cozinha de restaura\u00e7\u00e3o pode confiar neste design robusto com a qualidade caracter\u00edstica da nossa s\u00e9rie 900. consulte Mais informa\u00e7\u00e3o<\/p>\n","protected":false},"featured_media":9462010,"comment_status":"open","ping_status":"closed","template":"","meta":[],"product_cat":[140,84],"product_tag":[],"class_list":["post-9462011","product","type-product","status-publish","has-post-thumbnail","hentry","product_cat-cozedura-aquecimento","product_cat-fogoesepanelas","product_shipping_class-gph"],"_links":{"self":[{"href":"https:\/\/tpohotelariaecasa.pt\/index.php\/wp-json\/wp\/v2\/product\/9462011"}],"collection":[{"href":"https:\/\/tpohotelariaecasa.pt\/index.php\/wp-json\/wp\/v2\/product"}],"about":[{"href":"https:\/\/tpohotelariaecasa.pt\/index.php\/wp-json\/wp\/v2\/types\/product"}],"replies":[{"embeddable":true,"href":"https:\/\/tpohotelariaecasa.pt\/index.php\/wp-json\/wp\/v2\/comments?post=9462011"}],"wp:featuredmedia":[{"embeddable":true,"href":"https:\/\/tpohotelariaecasa.pt\/index.php\/wp-json\/wp\/v2\/media\/9462010"}],"wp:attachment":[{"href":"https:\/\/tpohotelariaecasa.pt\/index.php\/wp-json\/wp\/v2\/media?parent=9462011"}],"wp:term":[{"taxonomy":"product_cat","embeddable":true,"href":"https:\/\/tpohotelariaecasa.pt\/index.php\/wp-json\/wp\/v2\/product_cat?post=9462011"},{"taxonomy":"product_tag","embeddable":true,"href":"https:\/\/tpohotelariaecasa.pt\/index.php\/wp-json\/wp\/v2\/product_tag?post=9462011"}],"curies":[{"name":"wp","href":"https:\/\/api.w.org\/{rel}","templated":true}]}}