{"id":9462017,"date":"2024-06-03T09:26:03","date_gmt":"2024-06-03T09:26:03","guid":{"rendered":"https:\/\/tpohotelariaecasa.pt\/index.php\/product\/premium-fogao-de-inducao-4-queimadores-unidade-dupla-90-cm-de-profundidade-eletrico\/"},"modified":"2025-04-03T09:10:06","modified_gmt":"2025-04-03T09:10:06","slug":"premium-fogao-de-inducao-4-queimadores-unidade-dupla-90-cm-de-profundidade-eletrico","status":"publish","type":"product","link":"https:\/\/tpohotelariaecasa.pt\/index.php\/product\/premium-fogao-de-inducao-4-queimadores-unidade-dupla-90-cm-de-profundidade-eletrico\/","title":{"rendered":"Premium Fog\u00e3o de Indu\u00e7\u00e3o &#8211; 4 Queimadores &#8211; Unidade Dupla &#8211; 90 cm de Profundidade &#8211; El\u00e9trico"},"content":{"rendered":"<p><strong>Caracter\u00edsticas do produto<\/strong><\/p>\n<ul>\n<li>Peso l\u00edquido: 69 kg<\/li>\n<li>Dimens\u00f5es: L80 x P90 x A28cm<\/li>\n<li>Pot\u00eancia: 4 x 3,5 kW<\/li>\n<li>Pot\u00eancia el\u00e9ctrica total: 14,0 kW<\/li>\n<li>400V \/ 50Hz \/ 3 fases 14 000W<\/li>\n<\/ul>\n","protected":false},"excerpt":{"rendered":"<p>Eficiente, s\u00f3lido e pr\u00e1tico, \u00e9 a melhor forma de descrever este fog\u00e3o de indu\u00e7\u00e3o premium com quatro queimadores\u00e9 um aparelho de design luxuoso, com uma caixa s\u00f3lida em a\u00e7o inoxid\u00e1vel que o torna adequado para ser colocado numa linha de cozedura. consulte Mais informa\u00e7\u00e3o<\/p>\n","protected":false},"featured_media":9462016,"comment_status":"open","ping_status":"closed","template":"","meta":[],"product_cat":[140,84],"product_tag":[],"class_list":["post-9462017","product","type-product","status-publish","has-post-thumbnail","hentry","product_cat-cozedura-aquecimento","product_cat-fogoesepanelas","product_shipping_class-gph"],"_links":{"self":[{"href":"https:\/\/tpohotelariaecasa.pt\/index.php\/wp-json\/wp\/v2\/product\/9462017"}],"collection":[{"href":"https:\/\/tpohotelariaecasa.pt\/index.php\/wp-json\/wp\/v2\/product"}],"about":[{"href":"https:\/\/tpohotelariaecasa.pt\/index.php\/wp-json\/wp\/v2\/types\/product"}],"replies":[{"embeddable":true,"href":"https:\/\/tpohotelariaecasa.pt\/index.php\/wp-json\/wp\/v2\/comments?post=9462017"}],"wp:featuredmedia":[{"embeddable":true,"href":"https:\/\/tpohotelariaecasa.pt\/index.php\/wp-json\/wp\/v2\/media\/9462016"}],"wp:attachment":[{"href":"https:\/\/tpohotelariaecasa.pt\/index.php\/wp-json\/wp\/v2\/media?parent=9462017"}],"wp:term":[{"taxonomy":"product_cat","embeddable":true,"href":"https:\/\/tpohotelariaecasa.pt\/index.php\/wp-json\/wp\/v2\/product_cat?post=9462017"},{"taxonomy":"product_tag","embeddable":true,"href":"https:\/\/tpohotelariaecasa.pt\/index.php\/wp-json\/wp\/v2\/product_tag?post=9462017"}],"curies":[{"name":"wp","href":"https:\/\/api.w.org\/{rel}","templated":true}]}}