{"id":9462023,"date":"2024-06-03T09:26:07","date_gmt":"2024-06-03T09:26:07","guid":{"rendered":"https:\/\/tpohotelariaecasa.pt\/index.php\/product\/premium-grelha-de-pedra-de-lava-unidade-simples-90-cm-de-profundidade-gas\/"},"modified":"2025-04-03T09:10:06","modified_gmt":"2025-04-03T09:10:06","slug":"premium-grelha-de-pedra-de-lava-unidade-simples-90-cm-de-profundidade-gas","status":"publish","type":"product","link":"https:\/\/tpohotelariaecasa.pt\/index.php\/product\/premium-grelha-de-pedra-de-lava-unidade-simples-90-cm-de-profundidade-gas\/","title":{"rendered":"Premium Grelha de Pedra de Lava &#8211; Unidade Simples &#8211; 90 cm de Profundidade &#8211; G\u00e1s"},"content":{"rendered":"<p><strong>Especifica\u00e7\u00f5es do produto<\/strong><\/p>\n<ul>\n<li>Peso l\u00edquido: 50 kg<\/li>\n<li>Dimens\u00f5es do aparelho: L40 x P90 x A28cm<\/li>\n<li>Pot\u00eancia total de g\u00e1s: 10,0 kW<\/li>\n<li>Injectores de g\u00e1s instalados: G25 &#8211; g\u00e1s natural<\/li>\n<li>Conjunto extra de injectores de g\u00e1s: G30 &#8211; GPL (propano \/ butano)<\/li>\n<\/ul>\n","protected":false},"excerpt":{"rendered":"<p>Com este grelhador de pedra de lava que funciona a g\u00e1s, pode realmente dar \u00e0 carne, ao peixe e aos legumes aquele aut\u00eantico sabor a churrasco fumado. Foi criado utilizando materiais de primeira qualidade para o tornar perfeitamente adequado para uma utiliza\u00e7\u00e3o di\u00e1ria intensiva em cozinhas profissionais. consulte Mais informa\u00e7\u00e3o<\/p>\n","protected":false},"featured_media":9462022,"comment_status":"open","ping_status":"closed","template":"","meta":[],"product_cat":[792,794,97,140,788,21],"product_tag":[],"class_list":["post-9462023","product","type-product","status-publish","has-post-thumbnail","hentry","product_cat-mais-vendidos","product_cat-placas-de-grelhar","product_cat-placas-para-grelhar","product_cat-cozedura-aquecimento","product_cat-equipcafebar","product_cat-restauracao","product_shipping_class-gph"],"_links":{"self":[{"href":"https:\/\/tpohotelariaecasa.pt\/index.php\/wp-json\/wp\/v2\/product\/9462023"}],"collection":[{"href":"https:\/\/tpohotelariaecasa.pt\/index.php\/wp-json\/wp\/v2\/product"}],"about":[{"href":"https:\/\/tpohotelariaecasa.pt\/index.php\/wp-json\/wp\/v2\/types\/product"}],"replies":[{"embeddable":true,"href":"https:\/\/tpohotelariaecasa.pt\/index.php\/wp-json\/wp\/v2\/comments?post=9462023"}],"wp:featuredmedia":[{"embeddable":true,"href":"https:\/\/tpohotelariaecasa.pt\/index.php\/wp-json\/wp\/v2\/media\/9462022"}],"wp:attachment":[{"href":"https:\/\/tpohotelariaecasa.pt\/index.php\/wp-json\/wp\/v2\/media?parent=9462023"}],"wp:term":[{"taxonomy":"product_cat","embeddable":true,"href":"https:\/\/tpohotelariaecasa.pt\/index.php\/wp-json\/wp\/v2\/product_cat?post=9462023"},{"taxonomy":"product_tag","embeddable":true,"href":"https:\/\/tpohotelariaecasa.pt\/index.php\/wp-json\/wp\/v2\/product_tag?post=9462023"}],"curies":[{"name":"wp","href":"https:\/\/api.w.org\/{rel}","templated":true}]}}