{"id":9462027,"date":"2024-06-03T09:26:09","date_gmt":"2024-06-03T09:26:09","guid":{"rendered":"https:\/\/tpohotelariaecasa.pt\/index.php\/product\/premium-fritadeira-2-x-22-l-unidade-dupla-90-cm-de-profundidade-com-torneira-de-drenagem-eletrico\/"},"modified":"2025-04-03T09:10:05","modified_gmt":"2025-04-03T09:10:05","slug":"premium-fritadeira-2-x-22-l-unidade-dupla-90-cm-de-profundidade-com-torneira-de-drenagem-eletrico","status":"publish","type":"product","link":"https:\/\/tpohotelariaecasa.pt\/index.php\/product\/premium-fritadeira-2-x-22-l-unidade-dupla-90-cm-de-profundidade-com-torneira-de-drenagem-eletrico\/","title":{"rendered":"Premium Fritadeira &#8211; 2 x 22 l &#8211; Unidade Dupla &#8211; 90 cm de Profundidade &#8211; com Torneira de Drenagem &#8211; El\u00e9trico"},"content":{"rendered":"<p><strong>Caracter\u00edsticas<\/strong><\/p>\n<ul>\n<li>Componentes resistentes<\/li>\n<li>Term\u00f3stato entre 60 \u00b0C e 190 \u00b0C<\/li>\n<li>Elemento de aquecimento rotativo<\/li>\n<li>Luz indicadora de temperatura<\/li>\n<li>Constru\u00e7\u00e3o muito duradoura<\/li>\n<li>Design higi\u00e9nico<\/li>\n<\/ul>\n<p><strong>Caracter\u00edsticas do produto<\/strong><\/p>\n<ul>\n<li>Peso l\u00edquido: 82 kg<\/li>\n<li>Capacidade para batatas fritas: 4,8 kg<\/li>\n<li>Dimens\u00f5es do cesto de fritar: L14 x P33 x A11cm<\/li>\n<li>Dimens\u00f5es do aparelho: L80 x P90 x A85cm<\/li>\n<li>Pot\u00eancia el\u00e9ctrica total: 36,0 kW<\/li>\n<li>Pot\u00eancia: 400V \/ 50Hz \/ 3Phase 36000W<\/li>\n<\/ul>\n","protected":false},"excerpt":{"rendered":"<p>Esta potente fritadeira el\u00e9ctrica premium foi concebida para uma utiliza\u00e7\u00e3o di\u00e1ria intensiva e pode ser utilizada numa linha de confe\u00e7\u00e3o. Com uma capacidade de 2 x 22 L e uma torneira pr\u00e1tica, esta fritadeira \u00e9 a solu\u00e7\u00e3o ideal para a cozinha de restaura\u00e7\u00e3o. consulte Mais informa\u00e7\u00e3o<\/p>\n","protected":false},"featured_media":9462026,"comment_status":"open","ping_status":"closed","template":"","meta":[],"product_cat":[792,793,788,21,89],"product_tag":[],"class_list":["post-9462027","product","type-product","status-publish","has-post-thumbnail","hentry","product_cat-mais-vendidos","product_cat-fritadeiras-equipcafebar","product_cat-equipcafebar","product_cat-restauracao","product_cat-fritadeiras","product_shipping_class-gph"],"_links":{"self":[{"href":"https:\/\/tpohotelariaecasa.pt\/index.php\/wp-json\/wp\/v2\/product\/9462027"}],"collection":[{"href":"https:\/\/tpohotelariaecasa.pt\/index.php\/wp-json\/wp\/v2\/product"}],"about":[{"href":"https:\/\/tpohotelariaecasa.pt\/index.php\/wp-json\/wp\/v2\/types\/product"}],"replies":[{"embeddable":true,"href":"https:\/\/tpohotelariaecasa.pt\/index.php\/wp-json\/wp\/v2\/comments?post=9462027"}],"wp:featuredmedia":[{"embeddable":true,"href":"https:\/\/tpohotelariaecasa.pt\/index.php\/wp-json\/wp\/v2\/media\/9462026"}],"wp:attachment":[{"href":"https:\/\/tpohotelariaecasa.pt\/index.php\/wp-json\/wp\/v2\/media?parent=9462027"}],"wp:term":[{"taxonomy":"product_cat","embeddable":true,"href":"https:\/\/tpohotelariaecasa.pt\/index.php\/wp-json\/wp\/v2\/product_cat?post=9462027"},{"taxonomy":"product_tag","embeddable":true,"href":"https:\/\/tpohotelariaecasa.pt\/index.php\/wp-json\/wp\/v2\/product_tag?post=9462027"}],"curies":[{"name":"wp","href":"https:\/\/api.w.org\/{rel}","templated":true}]}}