{"id":9462029,"date":"2024-06-03T09:26:11","date_gmt":"2024-06-03T09:26:11","guid":{"rendered":"https:\/\/tpohotelariaecasa.pt\/index.php\/product\/premium-aquecedor-de-batatas-fritas-unidade-simples-90-cm-de-profundidade-eletrico\/"},"modified":"2025-04-03T09:10:05","modified_gmt":"2025-04-03T09:10:05","slug":"premium-aquecedor-de-batatas-fritas-unidade-simples-90-cm-de-profundidade-eletrico","status":"publish","type":"product","link":"https:\/\/tpohotelariaecasa.pt\/index.php\/product\/premium-aquecedor-de-batatas-fritas-unidade-simples-90-cm-de-profundidade-eletrico\/","title":{"rendered":"Premium Aquecedor de Batatas Fritas &#8211; Unidade Simples &#8211; 90 cm de Profundidade &#8211; El\u00e9trico"},"content":{"rendered":"<p><strong>Especifica\u00e7\u00f5es do produto<\/strong><\/p>\n<ul>\n<li>Peso l\u00edquido: 21 kg<\/li>\n<li>Dimens\u00f5es do aparelho: L40 x P90 x A28cm<\/li>\n<li>Pot\u00eancia el\u00e9ctrica total: 1 kW<\/li>\n<li>Pot\u00eancia: 230V \/ 50Hz \/ 1 Fase 1000W<\/li>\n<\/ul>\n","protected":false},"excerpt":{"rendered":"<p>Uma unidade el\u00e9ctrica de aquecimento de batatas fritas \u00e9 indispens\u00e1vel para snack-bares e outras instala\u00e7\u00f5es de restaura\u00e7\u00e3o onde as deliciosas batatas fritas t\u00eam de estar sempre prontas a servir. Esta unidade \u00e9 adequada para ser colocada numa linha de cozedura e est\u00e1 dispon\u00edvel com uma base em a\u00e7o inoxid\u00e1vel. consulte Mais informa\u00e7\u00e3o<\/p>\n","protected":false},"featured_media":9462028,"comment_status":"open","ping_status":"closed","template":"","meta":[],"product_cat":[140,135],"product_tag":[],"class_list":["post-9462029","product","type-product","status-publish","has-post-thumbnail","hentry","product_cat-cozedura-aquecimento","product_cat-lmpadas-de-aquecimento","product_shipping_class-gph"],"_links":{"self":[{"href":"https:\/\/tpohotelariaecasa.pt\/index.php\/wp-json\/wp\/v2\/product\/9462029"}],"collection":[{"href":"https:\/\/tpohotelariaecasa.pt\/index.php\/wp-json\/wp\/v2\/product"}],"about":[{"href":"https:\/\/tpohotelariaecasa.pt\/index.php\/wp-json\/wp\/v2\/types\/product"}],"replies":[{"embeddable":true,"href":"https:\/\/tpohotelariaecasa.pt\/index.php\/wp-json\/wp\/v2\/comments?post=9462029"}],"wp:featuredmedia":[{"embeddable":true,"href":"https:\/\/tpohotelariaecasa.pt\/index.php\/wp-json\/wp\/v2\/media\/9462028"}],"wp:attachment":[{"href":"https:\/\/tpohotelariaecasa.pt\/index.php\/wp-json\/wp\/v2\/media?parent=9462029"}],"wp:term":[{"taxonomy":"product_cat","embeddable":true,"href":"https:\/\/tpohotelariaecasa.pt\/index.php\/wp-json\/wp\/v2\/product_cat?post=9462029"},{"taxonomy":"product_tag","embeddable":true,"href":"https:\/\/tpohotelariaecasa.pt\/index.php\/wp-json\/wp\/v2\/product_tag?post=9462029"}],"curies":[{"name":"wp","href":"https:\/\/api.w.org\/{rel}","templated":true}]}}