{"id":9462033,"date":"2024-06-03T09:26:13","date_gmt":"2024-06-03T09:26:13","guid":{"rendered":"https:\/\/tpohotelariaecasa.pt\/index.php\/product\/premium-armario-de-cozinha-unidade-tripla-90-cm-de-profundidade-incl-portas\/"},"modified":"2025-04-03T09:10:05","modified_gmt":"2025-04-03T09:10:05","slug":"premium-armario-de-cozinha-unidade-tripla-90-cm-de-profundidade-incl-portas","status":"publish","type":"product","link":"https:\/\/tpohotelariaecasa.pt\/index.php\/product\/premium-armario-de-cozinha-unidade-tripla-90-cm-de-profundidade-incl-portas\/","title":{"rendered":"Premium Arm\u00e1rio de Cozinha &#8211; Unidade Tripla &#8211; 90 cm de Profundidade &#8211; incl. Portas"},"content":{"rendered":"<p><strong>Especifica\u00e7\u00f5es do produto<\/strong><\/p>\n<ul>\n<li>Peso l\u00edquido: 34kg<\/li>\n<li>Dimens\u00f5es da base: W120 x D79,1 x H57cm<\/li>\n<\/ul>\n","protected":false},"excerpt":{"rendered":"<p>Esta base de a\u00e7o inoxid\u00e1vel \u00e9 adequada para aparelhos de cozinha da s\u00e9rie de cozinha Cooking Range 900 da Maxima. \u00c9 perfeita para segurar aparelhos de cozinha pesados e, ao mesmo tempo, para criar a altura de trabalho ideal. Inclui tamb\u00e9m muito espa\u00e7o de armazenamento extra no arm\u00e1rio abaixo. consulte Mais informa\u00e7\u00e3o<\/p>\n","protected":false},"featured_media":9462032,"comment_status":"open","ping_status":"closed","template":"","meta":[],"product_cat":[755],"product_tag":[],"class_list":["post-9462033","product","type-product","status-publish","has-post-thumbnail","hentry","product_cat-estantes-armarios-prateleiras","product_shipping_class-gph"],"_links":{"self":[{"href":"https:\/\/tpohotelariaecasa.pt\/index.php\/wp-json\/wp\/v2\/product\/9462033"}],"collection":[{"href":"https:\/\/tpohotelariaecasa.pt\/index.php\/wp-json\/wp\/v2\/product"}],"about":[{"href":"https:\/\/tpohotelariaecasa.pt\/index.php\/wp-json\/wp\/v2\/types\/product"}],"replies":[{"embeddable":true,"href":"https:\/\/tpohotelariaecasa.pt\/index.php\/wp-json\/wp\/v2\/comments?post=9462033"}],"wp:featuredmedia":[{"embeddable":true,"href":"https:\/\/tpohotelariaecasa.pt\/index.php\/wp-json\/wp\/v2\/media\/9462032"}],"wp:attachment":[{"href":"https:\/\/tpohotelariaecasa.pt\/index.php\/wp-json\/wp\/v2\/media?parent=9462033"}],"wp:term":[{"taxonomy":"product_cat","embeddable":true,"href":"https:\/\/tpohotelariaecasa.pt\/index.php\/wp-json\/wp\/v2\/product_cat?post=9462033"},{"taxonomy":"product_tag","embeddable":true,"href":"https:\/\/tpohotelariaecasa.pt\/index.php\/wp-json\/wp\/v2\/product_tag?post=9462033"}],"curies":[{"name":"wp","href":"https:\/\/api.w.org\/{rel}","templated":true}]}}