{"id":9462037,"date":"2024-06-03T09:26:16","date_gmt":"2024-06-03T09:26:16","guid":{"rendered":"https:\/\/tpohotelariaecasa.pt\/index.php\/product\/premium-armario-de-cozinha-unidade-dupla-90-cm-de-profundidade-aberto\/"},"modified":"2025-04-03T09:09:37","modified_gmt":"2025-04-03T09:09:37","slug":"premium-armario-de-cozinha-unidade-dupla-90-cm-de-profundidade-aberto","status":"publish","type":"product","link":"https:\/\/tpohotelariaecasa.pt\/index.php\/product\/premium-armario-de-cozinha-unidade-dupla-90-cm-de-profundidade-aberto\/","title":{"rendered":"Premium Arm\u00e1rio de Cozinha &#8211; Unidade Dupla &#8211; 90 cm de Profundidade &#8211; Aberto"},"content":{"rendered":"<p><strong>Especifica\u00e7\u00f5es do produto<\/strong><\/p>\n<ul>\n<li>Peso l\u00edquido: 23,5kg<\/li>\n<li>Dimens\u00f5es de base: L80 x D74,3 x H57cm<\/li>\n<\/ul>\n","protected":false},"excerpt":{"rendered":"<p>Esta base em a\u00e7o inoxid\u00e1vel \u00e9 adequada para aparelhos de cozinha da s\u00e9rie Cooking Range 900 da Maxima. \u00c9 perfeita para a manuten\u00e7\u00e3o de aparelhos de cozinha pesados e, ao mesmo tempo, para criar a altura ideal de trabalho. Tamb\u00e9m inclui muito espa\u00e7o de armazenamento extra no arm\u00e1rio abaixo. consulte Mais informa\u00e7\u00e3o<\/p>\n","protected":false},"featured_media":9462036,"comment_status":"open","ping_status":"closed","template":"","meta":[],"product_cat":[755],"product_tag":[],"class_list":["post-9462037","product","type-product","status-publish","has-post-thumbnail","hentry","product_cat-estantes-armarios-prateleiras","product_shipping_class-pph"],"_links":{"self":[{"href":"https:\/\/tpohotelariaecasa.pt\/index.php\/wp-json\/wp\/v2\/product\/9462037"}],"collection":[{"href":"https:\/\/tpohotelariaecasa.pt\/index.php\/wp-json\/wp\/v2\/product"}],"about":[{"href":"https:\/\/tpohotelariaecasa.pt\/index.php\/wp-json\/wp\/v2\/types\/product"}],"replies":[{"embeddable":true,"href":"https:\/\/tpohotelariaecasa.pt\/index.php\/wp-json\/wp\/v2\/comments?post=9462037"}],"wp:featuredmedia":[{"embeddable":true,"href":"https:\/\/tpohotelariaecasa.pt\/index.php\/wp-json\/wp\/v2\/media\/9462036"}],"wp:attachment":[{"href":"https:\/\/tpohotelariaecasa.pt\/index.php\/wp-json\/wp\/v2\/media?parent=9462037"}],"wp:term":[{"taxonomy":"product_cat","embeddable":true,"href":"https:\/\/tpohotelariaecasa.pt\/index.php\/wp-json\/wp\/v2\/product_cat?post=9462037"},{"taxonomy":"product_tag","embeddable":true,"href":"https:\/\/tpohotelariaecasa.pt\/index.php\/wp-json\/wp\/v2\/product_tag?post=9462037"}],"curies":[{"name":"wp","href":"https:\/\/api.w.org\/{rel}","templated":true}]}}