{"id":9462039,"date":"2024-06-03T09:26:17","date_gmt":"2024-06-03T09:26:17","guid":{"rendered":"https:\/\/tpohotelariaecasa.pt\/index.php\/product\/premium-armario-de-cozinha-unidade-tripla-90-cm-de-profundidade-aberto\/"},"modified":"2025-04-03T09:10:05","modified_gmt":"2025-04-03T09:10:05","slug":"premium-armario-de-cozinha-unidade-tripla-90-cm-de-profundidade-aberto","status":"publish","type":"product","link":"https:\/\/tpohotelariaecasa.pt\/index.php\/product\/premium-armario-de-cozinha-unidade-tripla-90-cm-de-profundidade-aberto\/","title":{"rendered":"Premium Arm\u00e1rio de Cozinha &#8211; Unidade Tripla &#8211; 90 cm de Profundidade &#8211; Aberto"},"content":{"rendered":"<p><strong>Especifica\u00e7\u00f5es do produto<\/strong><\/p>\n<ul>\n<li>Peso l\u00edquido: 23,5 kg<\/li>\n<li>Dimens\u00f5es da estrutura inferior: L120 x P74,3 x A57cm<\/li>\n<\/ul>\n","protected":false},"excerpt":{"rendered":"<p>Este suporte em a\u00e7o inoxid\u00e1vel \u00e9 adequado para os aparelhos da s\u00e9rie 900 Cooking Line. Tal como o resto da gama, foi concebido para uma utiliza\u00e7\u00e3o di\u00e1ria intensiva. Pode ser combinado com placas ou grelhadores para garantir que trabalha sempre \u00e0 altura certa. consulte Mais informa\u00e7\u00e3o<\/p>\n","protected":false},"featured_media":9462038,"comment_status":"open","ping_status":"closed","template":"","meta":[],"product_cat":[755],"product_tag":[],"class_list":["post-9462039","product","type-product","status-publish","has-post-thumbnail","hentry","product_cat-estantes-armarios-prateleiras","product_shipping_class-gph"],"_links":{"self":[{"href":"https:\/\/tpohotelariaecasa.pt\/index.php\/wp-json\/wp\/v2\/product\/9462039"}],"collection":[{"href":"https:\/\/tpohotelariaecasa.pt\/index.php\/wp-json\/wp\/v2\/product"}],"about":[{"href":"https:\/\/tpohotelariaecasa.pt\/index.php\/wp-json\/wp\/v2\/types\/product"}],"replies":[{"embeddable":true,"href":"https:\/\/tpohotelariaecasa.pt\/index.php\/wp-json\/wp\/v2\/comments?post=9462039"}],"wp:featuredmedia":[{"embeddable":true,"href":"https:\/\/tpohotelariaecasa.pt\/index.php\/wp-json\/wp\/v2\/media\/9462038"}],"wp:attachment":[{"href":"https:\/\/tpohotelariaecasa.pt\/index.php\/wp-json\/wp\/v2\/media?parent=9462039"}],"wp:term":[{"taxonomy":"product_cat","embeddable":true,"href":"https:\/\/tpohotelariaecasa.pt\/index.php\/wp-json\/wp\/v2\/product_cat?post=9462039"},{"taxonomy":"product_tag","embeddable":true,"href":"https:\/\/tpohotelariaecasa.pt\/index.php\/wp-json\/wp\/v2\/product_tag?post=9462039"}],"curies":[{"name":"wp","href":"https:\/\/api.w.org\/{rel}","templated":true}]}}