{"id":9467310,"date":"2024-06-04T15:44:21","date_gmt":"2024-06-04T15:44:21","guid":{"rendered":"https:\/\/tpohotelariaecasa.pt\/index.php\/product\/recuperador-calor-metlor-r-8-a\/"},"modified":"2025-01-29T12:14:17","modified_gmt":"2025-01-29T12:14:17","slug":"recuperador-calor-metlor-r-8-a","status":"publish","type":"product","link":"https:\/\/tpohotelariaecasa.pt\/index.php\/product\/recuperador-calor-metlor-r-8-a\/","title":{"rendered":"Recuperador Calor Metlor R-8-A"},"content":{"rendered":"<p>Pot\u00eancia Nominal 7,8kW<br \/>  Rendimento 80,7%<br \/>  CO(%) (13% O2) 0,085<br \/>  Temperatura dos Gases 245\u00baC<br \/>  NOx | COV | Particulas 112 | 85 | 36mg\/m3<br \/>  ControloTermoclik 50\u00baC<br \/>  Ventila\u00e7\u00e3o 132m3<br \/>  Comprimento max. da Lenha 540mm<br \/>  Sa\u00edda de Fumos \u00d8 150mm<br \/>  Medidas A545xL685xP440mm  <\/p>\n","protected":false},"excerpt":{"rendered":"<p>Pot\u00eancia Nominal 7,8kW Rendimento 80,7% CO(%) (13% O2) 0,085 Temperatura dos Gases 245\u00baC NOx | COV | Particulas 112 | 85 | 36mg\/m3 ControloTermoclik 50\u00baC Ventila\u00e7\u00e3o 132m3 Comprimento max. da Lenha 540mm Sa\u00edda de Fumos \u00d8 150mm Medidas A545xL685xP440mm<\/p>\n","protected":false},"featured_media":9467309,"comment_status":"open","ping_status":"closed","template":"","meta":[],"product_cat":[542],"product_tag":[],"class_list":["post-9467310","product","type-product","status-publish","has-post-thumbnail","hentry","product_cat-aquecimento-a-lenha","product_shipping_class-gpolg"],"_links":{"self":[{"href":"https:\/\/tpohotelariaecasa.pt\/index.php\/wp-json\/wp\/v2\/product\/9467310"}],"collection":[{"href":"https:\/\/tpohotelariaecasa.pt\/index.php\/wp-json\/wp\/v2\/product"}],"about":[{"href":"https:\/\/tpohotelariaecasa.pt\/index.php\/wp-json\/wp\/v2\/types\/product"}],"replies":[{"embeddable":true,"href":"https:\/\/tpohotelariaecasa.pt\/index.php\/wp-json\/wp\/v2\/comments?post=9467310"}],"wp:featuredmedia":[{"embeddable":true,"href":"https:\/\/tpohotelariaecasa.pt\/index.php\/wp-json\/wp\/v2\/media\/9467309"}],"wp:attachment":[{"href":"https:\/\/tpohotelariaecasa.pt\/index.php\/wp-json\/wp\/v2\/media?parent=9467310"}],"wp:term":[{"taxonomy":"product_cat","embeddable":true,"href":"https:\/\/tpohotelariaecasa.pt\/index.php\/wp-json\/wp\/v2\/product_cat?post=9467310"},{"taxonomy":"product_tag","embeddable":true,"href":"https:\/\/tpohotelariaecasa.pt\/index.php\/wp-json\/wp\/v2\/product_tag?post=9467310"}],"curies":[{"name":"wp","href":"https:\/\/api.w.org\/{rel}","templated":true}]}}