{"id":9467312,"date":"2024-06-04T15:44:23","date_gmt":"2024-06-04T15:44:23","guid":{"rendered":"https:\/\/tpohotelariaecasa.pt\/index.php\/product\/salamandra-a-pellets-metlor-isabel-eco-preto\/"},"modified":"2025-01-29T12:14:17","modified_gmt":"2025-01-29T12:14:17","slug":"salamandra-a-pellets-metlor-isabel-eco-preto","status":"publish","type":"product","link":"https:\/\/tpohotelariaecasa.pt\/index.php\/product\/salamandra-a-pellets-metlor-isabel-eco-preto\/","title":{"rendered":"Salamandra A Pellets Metlor Isabel ECO Preto"},"content":{"rendered":"<p>Pot\u00eancia Nominal 8,2kW<br \/>  Pot\u00eancia Reduzida 2,8kW<br \/>  Rendimento 87%<br \/>  \u00c1rea de aquecimento 200m3<br \/>  NOx | COV | Particulas 126 | 2 | 3mg\/m3<br \/>  Emiss\u00f5es de CO (13% O2) 0,01%<br \/>  Consumo de Pellets (Min-Max)0,6~1,9Kg\/h<br \/>  Sa\u00edda de Fumos \u00d8 80mm<br \/>  Medidas A920xL510xP560mm  <\/p>\n","protected":false},"excerpt":{"rendered":"<p>Pot\u00eancia Nominal 8,2kW Pot\u00eancia Reduzida 2,8kW Rendimento 87% \u00c1rea de aquecimento 200m3 NOx | COV | Particulas 126 | 2 | 3mg\/m3 Emiss\u00f5es de CO (13% O2) 0,01% Consumo de Pellets (Min-Max)0,6~1,9Kg\/h Sa\u00edda de Fumos \u00d8 80mm Medidas A920xL510xP560mm<\/p>\n","protected":false},"featured_media":9467311,"comment_status":"open","ping_status":"closed","template":"","meta":[],"product_cat":[542],"product_tag":[],"class_list":["post-9467312","product","type-product","status-publish","has-post-thumbnail","hentry","product_cat-aquecimento-a-lenha"],"_links":{"self":[{"href":"https:\/\/tpohotelariaecasa.pt\/index.php\/wp-json\/wp\/v2\/product\/9467312"}],"collection":[{"href":"https:\/\/tpohotelariaecasa.pt\/index.php\/wp-json\/wp\/v2\/product"}],"about":[{"href":"https:\/\/tpohotelariaecasa.pt\/index.php\/wp-json\/wp\/v2\/types\/product"}],"replies":[{"embeddable":true,"href":"https:\/\/tpohotelariaecasa.pt\/index.php\/wp-json\/wp\/v2\/comments?post=9467312"}],"wp:featuredmedia":[{"embeddable":true,"href":"https:\/\/tpohotelariaecasa.pt\/index.php\/wp-json\/wp\/v2\/media\/9467311"}],"wp:attachment":[{"href":"https:\/\/tpohotelariaecasa.pt\/index.php\/wp-json\/wp\/v2\/media?parent=9467312"}],"wp:term":[{"taxonomy":"product_cat","embeddable":true,"href":"https:\/\/tpohotelariaecasa.pt\/index.php\/wp-json\/wp\/v2\/product_cat?post=9467312"},{"taxonomy":"product_tag","embeddable":true,"href":"https:\/\/tpohotelariaecasa.pt\/index.php\/wp-json\/wp\/v2\/product_tag?post=9467312"}],"curies":[{"name":"wp","href":"https:\/\/api.w.org\/{rel}","templated":true}]}}