{"id":9467316,"date":"2024-06-04T15:44:26","date_gmt":"2024-06-04T15:44:26","guid":{"rendered":"https:\/\/tpohotelariaecasa.pt\/index.php\/product\/recuperador-calor-metlor-vitrus-75\/"},"modified":"2025-01-29T12:14:17","modified_gmt":"2025-01-29T12:14:17","slug":"recuperador-calor-metlor-vitrus-75","status":"publish","type":"product","link":"https:\/\/tpohotelariaecasa.pt\/index.php\/product\/recuperador-calor-metlor-vitrus-75\/","title":{"rendered":"Recuperador Calor Metlor Vitrus 75"},"content":{"rendered":"<p>Pot\u00eancia Nominal 7,8kW<br \/>  Rendimento 80,7%<br \/>  CO(%) (13% O2) 0,085<br \/>  Temperatura dos Gases 245\u00baC<br \/>  NOx | COV | Particulas | 112 | 85 | 36mg\/m3<br \/>  Controlo Termoclik 50\u00baC<br \/>  Ventila\u00e7\u00e3o 200m3<br \/>  Comprimento max. da Lenha 450mm<br \/>  Sa\u00edda de Fumos \u00d8 150mm<br \/>  Dimens\u00f5es A560xL750xP430mm<\/p>\n","protected":false},"excerpt":{"rendered":"<p>Pot\u00eancia Nominal 7,8kW Rendimento 80,7% CO(%) (13% O2) 0,085 Temperatura dos Gases 245\u00baC NOx | COV | Particulas | 112 | 85 | 36mg\/m3 Controlo Termoclik 50\u00baC Ventila\u00e7\u00e3o 200m3 Comprimento max. da Lenha 450mm Sa\u00edda de Fumos \u00d8 150mm Dimens\u00f5es A560xL750xP430mm<\/p>\n","protected":false},"featured_media":9467315,"comment_status":"open","ping_status":"closed","template":"","meta":[],"product_cat":[542],"product_tag":[],"class_list":["post-9467316","product","type-product","status-publish","has-post-thumbnail","hentry","product_cat-aquecimento-a-lenha"],"_links":{"self":[{"href":"https:\/\/tpohotelariaecasa.pt\/index.php\/wp-json\/wp\/v2\/product\/9467316"}],"collection":[{"href":"https:\/\/tpohotelariaecasa.pt\/index.php\/wp-json\/wp\/v2\/product"}],"about":[{"href":"https:\/\/tpohotelariaecasa.pt\/index.php\/wp-json\/wp\/v2\/types\/product"}],"replies":[{"embeddable":true,"href":"https:\/\/tpohotelariaecasa.pt\/index.php\/wp-json\/wp\/v2\/comments?post=9467316"}],"wp:featuredmedia":[{"embeddable":true,"href":"https:\/\/tpohotelariaecasa.pt\/index.php\/wp-json\/wp\/v2\/media\/9467315"}],"wp:attachment":[{"href":"https:\/\/tpohotelariaecasa.pt\/index.php\/wp-json\/wp\/v2\/media?parent=9467316"}],"wp:term":[{"taxonomy":"product_cat","embeddable":true,"href":"https:\/\/tpohotelariaecasa.pt\/index.php\/wp-json\/wp\/v2\/product_cat?post=9467316"},{"taxonomy":"product_tag","embeddable":true,"href":"https:\/\/tpohotelariaecasa.pt\/index.php\/wp-json\/wp\/v2\/product_tag?post=9467316"}],"curies":[{"name":"wp","href":"https:\/\/api.w.org\/{rel}","templated":true}]}}