{"id":9467334,"date":"2024-06-04T15:44:49","date_gmt":"2024-06-04T15:44:49","guid":{"rendered":"https:\/\/tpohotelariaecasa.pt\/index.php\/product\/salamandra-a-lenha-metlor-sff-5\/"},"modified":"2025-01-29T12:14:16","modified_gmt":"2025-01-29T12:14:16","slug":"salamandra-a-lenha-metlor-sff-5","status":"publish","type":"product","link":"https:\/\/tpohotelariaecasa.pt\/index.php\/product\/salamandra-a-lenha-metlor-sff-5\/","title":{"rendered":"Salamandra A Lenha Metlor SFF-5"},"content":{"rendered":"<p>Pot\u00eancia Nominal 5kW<br \/>  Rendimento 80,5%<br \/>  CO(%) (13% O2) 0,1<br \/>  Temperatura 288\u00baC<br \/>  Longitude m\u00e1x. lenha 300mm<br \/>  Sa\u00edda de fumos \u00d8 125mm<br \/>  Dimens\u00f5es A604xL454xP337mm<\/p>\n","protected":false},"excerpt":{"rendered":"<p>Pot\u00eancia Nominal 5kW Rendimento 80,5% CO(%) (13% O2) 0,1 Temperatura 288\u00baC Longitude m\u00e1x. lenha 300mm Sa\u00edda de fumos \u00d8 125mm Dimens\u00f5es A604xL454xP337mm<\/p>\n","protected":false},"featured_media":9467333,"comment_status":"open","ping_status":"closed","template":"","meta":[],"product_cat":[542],"product_tag":[],"class_list":["post-9467334","product","type-product","status-publish","has-post-thumbnail","hentry","product_cat-aquecimento-a-lenha","product_shipping_class-gpolg"],"_links":{"self":[{"href":"https:\/\/tpohotelariaecasa.pt\/index.php\/wp-json\/wp\/v2\/product\/9467334"}],"collection":[{"href":"https:\/\/tpohotelariaecasa.pt\/index.php\/wp-json\/wp\/v2\/product"}],"about":[{"href":"https:\/\/tpohotelariaecasa.pt\/index.php\/wp-json\/wp\/v2\/types\/product"}],"replies":[{"embeddable":true,"href":"https:\/\/tpohotelariaecasa.pt\/index.php\/wp-json\/wp\/v2\/comments?post=9467334"}],"wp:featuredmedia":[{"embeddable":true,"href":"https:\/\/tpohotelariaecasa.pt\/index.php\/wp-json\/wp\/v2\/media\/9467333"}],"wp:attachment":[{"href":"https:\/\/tpohotelariaecasa.pt\/index.php\/wp-json\/wp\/v2\/media?parent=9467334"}],"wp:term":[{"taxonomy":"product_cat","embeddable":true,"href":"https:\/\/tpohotelariaecasa.pt\/index.php\/wp-json\/wp\/v2\/product_cat?post=9467334"},{"taxonomy":"product_tag","embeddable":true,"href":"https:\/\/tpohotelariaecasa.pt\/index.php\/wp-json\/wp\/v2\/product_tag?post=9467334"}],"curies":[{"name":"wp","href":"https:\/\/api.w.org\/{rel}","templated":true}]}}