{"id":9467408,"date":"2024-06-04T15:45:50","date_gmt":"2024-06-04T15:45:50","guid":{"rendered":"https:\/\/tpohotelariaecasa.pt\/index.php\/product\/ventoinha-de-chao-blackdecker-bxeff-60-e\/"},"modified":"2025-01-29T12:14:14","modified_gmt":"2025-01-29T12:14:14","slug":"ventoinha-de-chao-blackdecker-bxeff-60-e","status":"publish","type":"product","link":"https:\/\/tpohotelariaecasa.pt\/index.php\/product\/ventoinha-de-chao-blackdecker-bxeff-60-e\/","title":{"rendered":"Ventoinha de Chao Black&amp;decker BXEFF-60-E"},"content":{"rendered":"<p>Pot\u00eancia : 60 W<br \/>  3 velocidades<br \/>  N\u00edvel ru\u00eddo: 58 dB<br \/>  Di\u00e2metro: 35 cm<br \/>  Limpeza f\u00e1cil<br \/>  Cor: Cromado<\/p>\n","protected":false},"excerpt":{"rendered":"<p>Pot\u00eancia : 60 W 3 velocidades N\u00edvel ru\u00eddo: 58 dB Di\u00e2metro: 35 cm Limpeza f\u00e1cil Cor: Cromado<\/p>\n","protected":false},"featured_media":9467407,"comment_status":"open","ping_status":"closed","template":"","meta":[],"product_cat":[516],"product_tag":[],"class_list":["post-9467408","product","type-product","status-publish","has-post-thumbnail","hentry","product_cat-portatil","product_shipping_class-gpolp"],"_links":{"self":[{"href":"https:\/\/tpohotelariaecasa.pt\/index.php\/wp-json\/wp\/v2\/product\/9467408"}],"collection":[{"href":"https:\/\/tpohotelariaecasa.pt\/index.php\/wp-json\/wp\/v2\/product"}],"about":[{"href":"https:\/\/tpohotelariaecasa.pt\/index.php\/wp-json\/wp\/v2\/types\/product"}],"replies":[{"embeddable":true,"href":"https:\/\/tpohotelariaecasa.pt\/index.php\/wp-json\/wp\/v2\/comments?post=9467408"}],"wp:featuredmedia":[{"embeddable":true,"href":"https:\/\/tpohotelariaecasa.pt\/index.php\/wp-json\/wp\/v2\/media\/9467407"}],"wp:attachment":[{"href":"https:\/\/tpohotelariaecasa.pt\/index.php\/wp-json\/wp\/v2\/media?parent=9467408"}],"wp:term":[{"taxonomy":"product_cat","embeddable":true,"href":"https:\/\/tpohotelariaecasa.pt\/index.php\/wp-json\/wp\/v2\/product_cat?post=9467408"},{"taxonomy":"product_tag","embeddable":true,"href":"https:\/\/tpohotelariaecasa.pt\/index.php\/wp-json\/wp\/v2\/product_tag?post=9467408"}],"curies":[{"name":"wp","href":"https:\/\/api.w.org\/{rel}","templated":true}]}}