{"id":9474575,"date":"2024-07-09T08:45:43","date_gmt":"2024-07-09T08:45:43","guid":{"rendered":"https:\/\/tpohotelariaecasa.pt\/index.php\/product\/grelhador-de-contacto-ranhurado-placa-de-grelhar-dupla-2-x-22-cm\/"},"modified":"2025-04-03T09:09:36","modified_gmt":"2025-04-03T09:09:36","slug":"grelhador-de-contacto-ranhurado-placa-de-grelhar-dupla-2-x-22-cm","status":"publish","type":"product","link":"https:\/\/tpohotelariaecasa.pt\/index.php\/product\/grelhador-de-contacto-ranhurado-placa-de-grelhar-dupla-2-x-22-cm\/","title":{"rendered":"Grelhador de Contacto &#8211; Ranhurado &#8211; Placa de Grelhar Dupla &#8211; 2 x 22 cm"},"content":{"rendered":"","protected":false},"excerpt":{"rendered":"<p>Com esta grelha profissional de duplo contacto, pode servir deliciosos hamb\u00fargueres, sandu\u00edches grelhados e paninis. O grelhador tem tabuleiros ranhurados e vem com uma escova para facilitar a limpeza. \u00c9 um aparelho de cozinha vers\u00e1til, com o qual se pode preparar um grande n\u00famero de pratos. consulte Mais informa\u00e7\u00e3o<\/p>\n","protected":false},"featured_media":9474574,"comment_status":"open","ping_status":"closed","template":"","meta":[],"product_cat":[792,795,788,90],"product_tag":[],"class_list":["post-9474575","product","type-product","status-publish","has-post-thumbnail","hentry","product_cat-mais-vendidos","product_cat-grelhadores-cf","product_cat-equipcafebar","product_cat-grelhadores","product_shipping_class-pph"],"_links":{"self":[{"href":"https:\/\/tpohotelariaecasa.pt\/index.php\/wp-json\/wp\/v2\/product\/9474575"}],"collection":[{"href":"https:\/\/tpohotelariaecasa.pt\/index.php\/wp-json\/wp\/v2\/product"}],"about":[{"href":"https:\/\/tpohotelariaecasa.pt\/index.php\/wp-json\/wp\/v2\/types\/product"}],"replies":[{"embeddable":true,"href":"https:\/\/tpohotelariaecasa.pt\/index.php\/wp-json\/wp\/v2\/comments?post=9474575"}],"wp:featuredmedia":[{"embeddable":true,"href":"https:\/\/tpohotelariaecasa.pt\/index.php\/wp-json\/wp\/v2\/media\/9474574"}],"wp:attachment":[{"href":"https:\/\/tpohotelariaecasa.pt\/index.php\/wp-json\/wp\/v2\/media?parent=9474575"}],"wp:term":[{"taxonomy":"product_cat","embeddable":true,"href":"https:\/\/tpohotelariaecasa.pt\/index.php\/wp-json\/wp\/v2\/product_cat?post=9474575"},{"taxonomy":"product_tag","embeddable":true,"href":"https:\/\/tpohotelariaecasa.pt\/index.php\/wp-json\/wp\/v2\/product_tag?post=9474575"}],"curies":[{"name":"wp","href":"https:\/\/api.w.org\/{rel}","templated":true}]}}