{"id":9475768,"date":"2024-07-09T11:25:34","date_gmt":"2024-07-09T11:25:34","guid":{"rendered":"https:\/\/tpohotelariaecasa.pt\/index.php\/product\/side-by-side-orima-orh-553-x\/"},"modified":"2025-01-29T12:14:22","modified_gmt":"2025-01-29T12:14:22","slug":"side-by-side-orima-orh-553-x","status":"publish","type":"product","link":"https:\/\/tpohotelariaecasa.pt\/index.php\/product\/side-by-side-orima-orh-553-x\/","title":{"rendered":"Side BY Side Orima ORH-553-X"},"content":{"rendered":"<p>Capacidade bruta total: 442 L<br \/>  Capacidade Net do frigor\u00edfico: 291 L<br \/>  Capacidade Net do congelador: 151 L<br \/>  No Frost Total<br \/>  Controlo eletr\u00f3nico com display LED<br \/>  Modo F\u00e9rias<br \/>  Luz interior LED<br \/>  Bloqueio Infantil<br \/>  Prateleiras em vidro<br \/>  Gavetas para frutos e vegetais<br \/>  2 gavetas e 3 compartimentos de congela\u00e7\u00e3o<br \/>  Capacidade de congela\u00e7\u00e3o: 10,5 Kg\/24 h<br \/>  N\u00edvel de Ru\u00eddo: 39 dB<br \/>  Consumo anual de energia: 287 Kwh<br \/>  Classifica\u00e7\u00e3o energ\u00e9tica: E<br \/>  Cor: Inox<br \/>  Dimens\u00f5es Produto: A1770xL900xP590 mm<br \/>  Dimens\u00f5es: Embalagem A1862xL972xP630 mm<\/p>\n<p>  <\/p>\n","protected":false},"excerpt":{"rendered":"<p>Capacidade bruta total: 442 L Capacidade Net do frigor\u00edfico: 291 L Capacidade Net do congelador: 151 L No Frost Total Controlo eletr\u00f3nico com display LED Modo F\u00e9rias Luz interior LED Bloqueio Infantil Prateleiras em vidro Gavetas para frutos e vegetais 2 gavetas e 3 compartimentos de congela\u00e7\u00e3o Capacidade de congela\u00e7\u00e3o: 10,5 Kg\/24 h N\u00edvel de [&hellip;]<\/p>\n","protected":false},"featured_media":9475767,"comment_status":"open","ping_status":"closed","template":"","meta":[],"product_cat":[581],"product_tag":[],"class_list":["post-9475768","product","type-product","status-publish","has-post-thumbnail","hentry","product_cat-americano","product_shipping_class-gpolg"],"_links":{"self":[{"href":"https:\/\/tpohotelariaecasa.pt\/index.php\/wp-json\/wp\/v2\/product\/9475768"}],"collection":[{"href":"https:\/\/tpohotelariaecasa.pt\/index.php\/wp-json\/wp\/v2\/product"}],"about":[{"href":"https:\/\/tpohotelariaecasa.pt\/index.php\/wp-json\/wp\/v2\/types\/product"}],"replies":[{"embeddable":true,"href":"https:\/\/tpohotelariaecasa.pt\/index.php\/wp-json\/wp\/v2\/comments?post=9475768"}],"wp:featuredmedia":[{"embeddable":true,"href":"https:\/\/tpohotelariaecasa.pt\/index.php\/wp-json\/wp\/v2\/media\/9475767"}],"wp:attachment":[{"href":"https:\/\/tpohotelariaecasa.pt\/index.php\/wp-json\/wp\/v2\/media?parent=9475768"}],"wp:term":[{"taxonomy":"product_cat","embeddable":true,"href":"https:\/\/tpohotelariaecasa.pt\/index.php\/wp-json\/wp\/v2\/product_cat?post=9475768"},{"taxonomy":"product_tag","embeddable":true,"href":"https:\/\/tpohotelariaecasa.pt\/index.php\/wp-json\/wp\/v2\/product_tag?post=9475768"}],"curies":[{"name":"wp","href":"https:\/\/api.w.org\/{rel}","templated":true}]}}