{"id":9475800,"date":"2024-07-09T11:25:57","date_gmt":"2024-07-09T11:25:57","guid":{"rendered":"https:\/\/tpohotelariaecasa.pt\/index.php\/product\/ar-condicionado-whirlpool-spicr-309-w\/"},"modified":"2025-01-29T12:14:21","modified_gmt":"2025-01-29T12:14:21","slug":"ar-condicionado-whirlpool-spicr-309-w","status":"publish","type":"product","link":"https:\/\/tpohotelariaecasa.pt\/index.php\/product\/ar-condicionado-whirlpool-spicr-309-w\/","title":{"rendered":"ar Condicionado Whirlpool SPICR-309-W"},"content":{"rendered":"<p>Capacidade de refrigera\u00e7\u00e3o de 9000 BTU, recomendada para divis\u00f5es entre 9 &#8211; 18 m2<br \/>  Capacidade de Refrigera\u00e7\u00e3o (W): 3<br \/>  Capacidade de Aquecimento (W): 1500<br \/>  Modo sil\u00eancio<br \/>  Tecnologia 6\u00ba sentido<br \/>  Fun\u00e7\u00e3o JET Baixa a temperatura em 5\u00b0C em apenas 10 minutos<br \/>  Controlo remoto<br \/>  Filtro de ar de Carbono Ativo<br \/>  G\u00e1s de Refrigera\u00e7\u00e3o: R32<br \/>  Classe energ\u00e9tica: A++<\/p>\n","protected":false},"excerpt":{"rendered":"<p>Capacidade de refrigera\u00e7\u00e3o de 9000 BTU, recomendada para divis\u00f5es entre 9 &#8211; 18 m2 Capacidade de Refrigera\u00e7\u00e3o (W): 3 Capacidade de Aquecimento (W): 1500 Modo sil\u00eancio Tecnologia 6\u00ba sentido Fun\u00e7\u00e3o JET Baixa a temperatura em 5\u00b0C em apenas 10 minutos Controlo remoto Filtro de ar de Carbono Ativo G\u00e1s de Refrigera\u00e7\u00e3o: R32 Classe energ\u00e9tica: A++<\/p>\n","protected":false},"featured_media":9475799,"comment_status":"open","ping_status":"closed","template":"","meta":[],"product_cat":[514],"product_tag":[],"class_list":["post-9475800","product","type-product","status-publish","has-post-thumbnail","hentry","product_cat-ar-condicionado","product_shipping_class-gpolg"],"_links":{"self":[{"href":"https:\/\/tpohotelariaecasa.pt\/index.php\/wp-json\/wp\/v2\/product\/9475800"}],"collection":[{"href":"https:\/\/tpohotelariaecasa.pt\/index.php\/wp-json\/wp\/v2\/product"}],"about":[{"href":"https:\/\/tpohotelariaecasa.pt\/index.php\/wp-json\/wp\/v2\/types\/product"}],"replies":[{"embeddable":true,"href":"https:\/\/tpohotelariaecasa.pt\/index.php\/wp-json\/wp\/v2\/comments?post=9475800"}],"wp:featuredmedia":[{"embeddable":true,"href":"https:\/\/tpohotelariaecasa.pt\/index.php\/wp-json\/wp\/v2\/media\/9475799"}],"wp:attachment":[{"href":"https:\/\/tpohotelariaecasa.pt\/index.php\/wp-json\/wp\/v2\/media?parent=9475800"}],"wp:term":[{"taxonomy":"product_cat","embeddable":true,"href":"https:\/\/tpohotelariaecasa.pt\/index.php\/wp-json\/wp\/v2\/product_cat?post=9475800"},{"taxonomy":"product_tag","embeddable":true,"href":"https:\/\/tpohotelariaecasa.pt\/index.php\/wp-json\/wp\/v2\/product_tag?post=9475800"}],"curies":[{"name":"wp","href":"https:\/\/api.w.org\/{rel}","templated":true}]}}