{"id":9475822,"date":"2024-07-09T11:26:17","date_gmt":"2024-07-09T11:26:17","guid":{"rendered":"https:\/\/tpohotelariaecasa.pt\/index.php\/product\/side-by-side-lg-gmb-860-pyde\/"},"modified":"2025-01-29T12:14:21","modified_gmt":"2025-01-29T12:14:21","slug":"side-by-side-lg-gmb-860-pyde","status":"publish","type":"product","link":"https:\/\/tpohotelariaecasa.pt\/index.php\/product\/side-by-side-lg-gmb-860-pyde\/","title":{"rendered":"Side BY Side LG GMB-860-PYDE"},"content":{"rendered":"<p>Capacidade total l\u00edquida: 530 l<br \/>  Capacidade l\u00edquida do frigor\u00edfico: 321 l<br \/>  Capacidade l\u00edquida do congelador: 209 l<br \/>  Sistema de refrigera\u00e7\u00e3o No Frost<br \/>  Capacidade de congela\u00e7\u00e3o: 10 kg\/24h<br \/>  LG ThinQ<br \/>  Classe energ\u00e9tica: E<br \/>  Cor do produto: Prime Silver<br \/>  Dimens\u00f5es (AxLxP): 1787x835x730 mm<\/p>\n","protected":false},"excerpt":{"rendered":"<p>Capacidade total l\u00edquida: 530 l Capacidade l\u00edquida do frigor\u00edfico: 321 l Capacidade l\u00edquida do congelador: 209 l Sistema de refrigera\u00e7\u00e3o No Frost Capacidade de congela\u00e7\u00e3o: 10 kg\/24h LG ThinQ Classe energ\u00e9tica: E Cor do produto: Prime Silver Dimens\u00f5es (AxLxP): 1787x835x730 mm<\/p>\n","protected":false},"featured_media":9475821,"comment_status":"open","ping_status":"closed","template":"","meta":[],"product_cat":[581],"product_tag":[],"class_list":["post-9475822","product","type-product","status-publish","has-post-thumbnail","hentry","product_cat-americano","product_shipping_class-gpolg"],"_links":{"self":[{"href":"https:\/\/tpohotelariaecasa.pt\/index.php\/wp-json\/wp\/v2\/product\/9475822"}],"collection":[{"href":"https:\/\/tpohotelariaecasa.pt\/index.php\/wp-json\/wp\/v2\/product"}],"about":[{"href":"https:\/\/tpohotelariaecasa.pt\/index.php\/wp-json\/wp\/v2\/types\/product"}],"replies":[{"embeddable":true,"href":"https:\/\/tpohotelariaecasa.pt\/index.php\/wp-json\/wp\/v2\/comments?post=9475822"}],"wp:featuredmedia":[{"embeddable":true,"href":"https:\/\/tpohotelariaecasa.pt\/index.php\/wp-json\/wp\/v2\/media\/9475821"}],"wp:attachment":[{"href":"https:\/\/tpohotelariaecasa.pt\/index.php\/wp-json\/wp\/v2\/media?parent=9475822"}],"wp:term":[{"taxonomy":"product_cat","embeddable":true,"href":"https:\/\/tpohotelariaecasa.pt\/index.php\/wp-json\/wp\/v2\/product_cat?post=9475822"},{"taxonomy":"product_tag","embeddable":true,"href":"https:\/\/tpohotelariaecasa.pt\/index.php\/wp-json\/wp\/v2\/product_tag?post=9475822"}],"curies":[{"name":"wp","href":"https:\/\/api.w.org\/{rel}","templated":true}]}}