{"id":9475824,"date":"2024-07-09T11:26:19","date_gmt":"2024-07-09T11:26:19","guid":{"rendered":"https:\/\/tpohotelariaecasa.pt\/index.php\/product\/side-by-side-lg-gslc-41-pype\/"},"modified":"2025-01-29T12:14:21","modified_gmt":"2025-01-29T12:14:21","slug":"side-by-side-lg-gslc-41-pype","status":"publish","type":"product","link":"https:\/\/tpohotelariaecasa.pt\/index.php\/product\/side-by-side-lg-gslc-41-pype\/","title":{"rendered":"Side BY Side LG GSLC-41-PYPE"},"content":{"rendered":"<p>Capacidade l\u00edquida total 641 litros<br \/>  Capacidade l\u00edquida do frigor\u00edfico 420 litros<br \/>  Capacidade l\u00edquida do congelador 221 litros<br \/>  Sistema de refrigera\u00e7\u00e3o No Frost<br \/>  Compressor Smart Inverter? <br \/>  Door Cooling? (congelador)<br \/>  Multi-Air Flow?<br \/>  Dispensador de \u00e1gua e gelo (sem canaliza\u00e7\u00e3o)<br \/>  Smart Diagnosis?<br \/>  Autonomia sem corrente 2 horas<br \/>  Capacidade de congela\u00e7\u00e3o em 24 horas 12 kg<br \/>  Express Cool?, Express Freeze?<br \/>  Classe de efici\u00eancia energ\u00e9tica E<br \/>  Cor Prime Silver<br \/>  Dimens\u00f5es (AxLxP): 1790x9130x735 mm <\/p>\n","protected":false},"excerpt":{"rendered":"<p>Capacidade l\u00edquida total 641 litros Capacidade l\u00edquida do frigor\u00edfico 420 litros Capacidade l\u00edquida do congelador 221 litros Sistema de refrigera\u00e7\u00e3o No Frost Compressor Smart Inverter? Door Cooling? (congelador) Multi-Air Flow? Dispensador de \u00e1gua e gelo (sem canaliza\u00e7\u00e3o) Smart Diagnosis? Autonomia sem corrente 2 horas Capacidade de congela\u00e7\u00e3o em 24 horas 12 kg Express Cool?, Express [&hellip;]<\/p>\n","protected":false},"featured_media":9475823,"comment_status":"open","ping_status":"closed","template":"","meta":[],"product_cat":[581],"product_tag":[],"class_list":["post-9475824","product","type-product","status-publish","has-post-thumbnail","hentry","product_cat-americano","product_shipping_class-gpolg"],"_links":{"self":[{"href":"https:\/\/tpohotelariaecasa.pt\/index.php\/wp-json\/wp\/v2\/product\/9475824"}],"collection":[{"href":"https:\/\/tpohotelariaecasa.pt\/index.php\/wp-json\/wp\/v2\/product"}],"about":[{"href":"https:\/\/tpohotelariaecasa.pt\/index.php\/wp-json\/wp\/v2\/types\/product"}],"replies":[{"embeddable":true,"href":"https:\/\/tpohotelariaecasa.pt\/index.php\/wp-json\/wp\/v2\/comments?post=9475824"}],"wp:featuredmedia":[{"embeddable":true,"href":"https:\/\/tpohotelariaecasa.pt\/index.php\/wp-json\/wp\/v2\/media\/9475823"}],"wp:attachment":[{"href":"https:\/\/tpohotelariaecasa.pt\/index.php\/wp-json\/wp\/v2\/media?parent=9475824"}],"wp:term":[{"taxonomy":"product_cat","embeddable":true,"href":"https:\/\/tpohotelariaecasa.pt\/index.php\/wp-json\/wp\/v2\/product_cat?post=9475824"},{"taxonomy":"product_tag","embeddable":true,"href":"https:\/\/tpohotelariaecasa.pt\/index.php\/wp-json\/wp\/v2\/product_tag?post=9475824"}],"curies":[{"name":"wp","href":"https:\/\/api.w.org\/{rel}","templated":true}]}}