{"id":9475838,"date":"2024-07-09T11:26:31","date_gmt":"2024-07-09T11:26:31","guid":{"rendered":"https:\/\/tpohotelariaecasa.pt\/index.php\/product\/maquina-lavar-roupa-balay-3-ts-993-bt\/"},"modified":"2025-01-29T12:14:20","modified_gmt":"2025-01-29T12:14:20","slug":"maquina-lavar-roupa-balay-3-ts-993-bt","status":"publish","type":"product","link":"https:\/\/tpohotelariaecasa.pt\/index.php\/product\/maquina-lavar-roupa-balay-3-ts-993-bt\/","title":{"rendered":"Maquina Lavar Roupa Balay 3-TS-993-BT"},"content":{"rendered":"<p>Capacidade m\u00e1xima em kg: 9 kg<br \/>  Velocidade de centrifuga\u00e7\u00e3o: 1200 rpm<br \/>  Programas autom\u00e1ticos: Roupa branca\/de cor, l\u00e3s, lavagem manual, Roupa delicada, Sint\u00e9ticos<br \/>  Optimiza\u00e7\u00e3o do resultado de lavagem: Camisas, Cobertores, Enxaguamento, escoar \u00e1gua \/ centrifuga\u00e7\u00e3o, Mais R\u00e1pido, menos ferro, outdoor\/impermeabiliza\u00e7\u00e3o, Pausa+Carga, pr\u00e9-lavagem, Pronta, R\u00e1pido\/Mix, Redu\u00e7\u00e3o da velocidade de centrifuga\u00e7\u00e3o, Roupa Escura, Selec\u00e7\u00e3o de temperatura, Super r\u00e1pido 15\/30 min.<br \/>  N\u00edvel de ru\u00eddo da lavagem: 51 DB dB(A) re 1 pW<br \/>  N\u00edvel de ru\u00eddo da centrifuga\u00e7\u00e3o: 71 DB dB(A) re 1 pW<br \/>  Sistema de prote\u00e7\u00e3o da \u00e1gua: Prote\u00e7\u00e3o m\u00faltila contra derrames<br \/>  Tampo amov\u00edvel<br \/>  Material da cuba: Pl\u00e1stico<br \/>  Classe de efici\u00eancia energ\u00e9tica: A<br \/>  Cor principal do produto: Branco<br \/>  Dimens\u00f5es (AxLxP): 845x598x599 mm<\/p>\n","protected":false},"excerpt":{"rendered":"<p>Capacidade m\u00e1xima em kg: 9 kg Velocidade de centrifuga\u00e7\u00e3o: 1200 rpm Programas autom\u00e1ticos: Roupa branca\/de cor, l\u00e3s, lavagem manual, Roupa delicada, Sint\u00e9ticos Optimiza\u00e7\u00e3o do resultado de lavagem: Camisas, Cobertores, Enxaguamento, escoar \u00e1gua \/ centrifuga\u00e7\u00e3o, Mais R\u00e1pido, menos ferro, outdoor\/impermeabiliza\u00e7\u00e3o, Pausa+Carga, pr\u00e9-lavagem, Pronta, R\u00e1pido\/Mix, Redu\u00e7\u00e3o da velocidade de centrifuga\u00e7\u00e3o, Roupa Escura, Selec\u00e7\u00e3o de temperatura, Super r\u00e1pido [&hellip;]<\/p>\n","protected":false},"featured_media":9475837,"comment_status":"open","ping_status":"closed","template":"","meta":[],"product_cat":[620],"product_tag":[],"class_list":["post-9475838","product","type-product","status-publish","has-post-thumbnail","hentry","product_cat-maquinas-de-lavar-roupa","product_shipping_class-gpolg"],"_links":{"self":[{"href":"https:\/\/tpohotelariaecasa.pt\/index.php\/wp-json\/wp\/v2\/product\/9475838"}],"collection":[{"href":"https:\/\/tpohotelariaecasa.pt\/index.php\/wp-json\/wp\/v2\/product"}],"about":[{"href":"https:\/\/tpohotelariaecasa.pt\/index.php\/wp-json\/wp\/v2\/types\/product"}],"replies":[{"embeddable":true,"href":"https:\/\/tpohotelariaecasa.pt\/index.php\/wp-json\/wp\/v2\/comments?post=9475838"}],"wp:featuredmedia":[{"embeddable":true,"href":"https:\/\/tpohotelariaecasa.pt\/index.php\/wp-json\/wp\/v2\/media\/9475837"}],"wp:attachment":[{"href":"https:\/\/tpohotelariaecasa.pt\/index.php\/wp-json\/wp\/v2\/media?parent=9475838"}],"wp:term":[{"taxonomy":"product_cat","embeddable":true,"href":"https:\/\/tpohotelariaecasa.pt\/index.php\/wp-json\/wp\/v2\/product_cat?post=9475838"},{"taxonomy":"product_tag","embeddable":true,"href":"https:\/\/tpohotelariaecasa.pt\/index.php\/wp-json\/wp\/v2\/product_tag?post=9475838"}],"curies":[{"name":"wp","href":"https:\/\/api.w.org\/{rel}","templated":true}]}}