{"id":9489543,"date":"2025-03-18T16:26:51","date_gmt":"2025-03-18T16:26:51","guid":{"rendered":"https:\/\/tpohotelariaecasa.pt\/index.php\/product\/maquina-de-decoracao-de-bolos-o-36-4-cm-verde\/"},"modified":"2025-04-03T09:10:12","modified_gmt":"2025-04-03T09:10:12","slug":"maquina-de-decoracao-de-bolos-o-36-4-cm-verde","status":"publish","type":"product","link":"https:\/\/tpohotelariaecasa.pt\/index.php\/product\/maquina-de-decoracao-de-bolos-o-36-4-cm-verde\/","title":{"rendered":"M\u00e1quina de Decora\u00e7\u00e3o de Bolos &#8211; \u00d8 36.4 cm &#8211; Verde"},"content":{"rendered":"","protected":false},"excerpt":{"rendered":"<p>Com esta elegante m\u00e1quina de decora\u00e7\u00e3o de bolos verde, ir\u00e1 criar r\u00e1pida e facilmente bolos com um aspeto profissional. Diga adeus aos lados tortos e aos topos irregulares &#8211; esta m\u00e1quina garante sempre um acabamento impec\u00e1vel. consulte Mais informa\u00e7\u00e3o<\/p>\n","protected":false},"featured_media":9489542,"comment_status":"open","ping_status":"closed","template":"","meta":[],"product_cat":[791,21],"product_tag":[],"class_list":["post-9489543","product","type-product","status-publish","has-post-thumbnail","hentry","product_cat-decoracao-de-bolos","product_cat-restauracao","product_shipping_class-gph"],"_links":{"self":[{"href":"https:\/\/tpohotelariaecasa.pt\/index.php\/wp-json\/wp\/v2\/product\/9489543"}],"collection":[{"href":"https:\/\/tpohotelariaecasa.pt\/index.php\/wp-json\/wp\/v2\/product"}],"about":[{"href":"https:\/\/tpohotelariaecasa.pt\/index.php\/wp-json\/wp\/v2\/types\/product"}],"replies":[{"embeddable":true,"href":"https:\/\/tpohotelariaecasa.pt\/index.php\/wp-json\/wp\/v2\/comments?post=9489543"}],"wp:featuredmedia":[{"embeddable":true,"href":"https:\/\/tpohotelariaecasa.pt\/index.php\/wp-json\/wp\/v2\/media\/9489542"}],"wp:attachment":[{"href":"https:\/\/tpohotelariaecasa.pt\/index.php\/wp-json\/wp\/v2\/media?parent=9489543"}],"wp:term":[{"taxonomy":"product_cat","embeddable":true,"href":"https:\/\/tpohotelariaecasa.pt\/index.php\/wp-json\/wp\/v2\/product_cat?post=9489543"},{"taxonomy":"product_tag","embeddable":true,"href":"https:\/\/tpohotelariaecasa.pt\/index.php\/wp-json\/wp\/v2\/product_tag?post=9489543"}],"curies":[{"name":"wp","href":"https:\/\/api.w.org\/{rel}","templated":true}]}}