{"id":9489547,"date":"2025-03-18T16:26:53","date_gmt":"2025-03-18T16:26:53","guid":{"rendered":"https:\/\/tpohotelariaecasa.pt\/index.php\/product\/maquina-de-decoracao-de-bolos-o-36-4-cm-branco\/"},"modified":"2025-04-03T09:10:12","modified_gmt":"2025-04-03T09:10:12","slug":"maquina-de-decoracao-de-bolos-o-36-4-cm-branco","status":"publish","type":"product","link":"https:\/\/tpohotelariaecasa.pt\/index.php\/product\/maquina-de-decoracao-de-bolos-o-36-4-cm-branco\/","title":{"rendered":"M\u00e1quina de Decora\u00e7\u00e3o de Bolos &#8211; \u00d8 36.4 cm &#8211; Branco"},"content":{"rendered":"","protected":false},"excerpt":{"rendered":"<p>Esta m\u00e1quina de decora\u00e7\u00e3o de bolos permite a qualquer pessoa decorar um bolo como um profissional. Acabaram-se os lados tortos ou o topo irregular; o seu bolo ficar\u00e1 completamente liso em todo o lado gra\u00e7as a esta m\u00e1quina de decora\u00e7\u00e3o de bolos. consulte Mais informa\u00e7\u00e3o<\/p>\n","protected":false},"featured_media":9489546,"comment_status":"open","ping_status":"closed","template":"","meta":[],"product_cat":[791,21],"product_tag":[],"class_list":["post-9489547","product","type-product","status-publish","has-post-thumbnail","hentry","product_cat-decoracao-de-bolos","product_cat-restauracao","product_shipping_class-gph"],"_links":{"self":[{"href":"https:\/\/tpohotelariaecasa.pt\/index.php\/wp-json\/wp\/v2\/product\/9489547"}],"collection":[{"href":"https:\/\/tpohotelariaecasa.pt\/index.php\/wp-json\/wp\/v2\/product"}],"about":[{"href":"https:\/\/tpohotelariaecasa.pt\/index.php\/wp-json\/wp\/v2\/types\/product"}],"replies":[{"embeddable":true,"href":"https:\/\/tpohotelariaecasa.pt\/index.php\/wp-json\/wp\/v2\/comments?post=9489547"}],"wp:featuredmedia":[{"embeddable":true,"href":"https:\/\/tpohotelariaecasa.pt\/index.php\/wp-json\/wp\/v2\/media\/9489546"}],"wp:attachment":[{"href":"https:\/\/tpohotelariaecasa.pt\/index.php\/wp-json\/wp\/v2\/media?parent=9489547"}],"wp:term":[{"taxonomy":"product_cat","embeddable":true,"href":"https:\/\/tpohotelariaecasa.pt\/index.php\/wp-json\/wp\/v2\/product_cat?post=9489547"},{"taxonomy":"product_tag","embeddable":true,"href":"https:\/\/tpohotelariaecasa.pt\/index.php\/wp-json\/wp\/v2\/product_tag?post=9489547"}],"curies":[{"name":"wp","href":"https:\/\/api.w.org\/{rel}","templated":true}]}}