{"id":9489557,"date":"2025-03-18T16:26:56","date_gmt":"2025-03-18T16:26:56","guid":{"rendered":"https:\/\/tpohotelariaecasa.pt\/index.php\/product\/chaffing-dish-85-l-eletrico-incl-gn-1-1-e-tampa\/"},"modified":"2025-04-03T09:10:12","modified_gmt":"2025-04-03T09:10:12","slug":"chaffing-dish-85-l-eletrico-incl-gn-1-1-e-tampa","status":"publish","type":"product","link":"https:\/\/tpohotelariaecasa.pt\/index.php\/product\/chaffing-dish-85-l-eletrico-incl-gn-1-1-e-tampa\/","title":{"rendered":"Chaffing Dish &#8211; 8,5 l &#8211; El\u00e9trico &#8211; incl. GN 1\/1 e Tampa"},"content":{"rendered":"","protected":false},"excerpt":{"rendered":"<p>Com o prato de friccionar, \u00e9 f\u00e1cil manter os pratos quentes para buffets ou eventos. Pode ser voc\u00ea mesmo a definir a temperatura, sabendo que a comida n\u00e3o vai queimar ou continuar a cozinhar. O prato de friccionar \u00e9 tamb\u00e9m equipado com um tabuleiro e uma tampa. consulte Mais informa\u00e7\u00e3o<\/p>\n","protected":false},"featured_media":9489556,"comment_status":"open","ping_status":"closed","template":"","meta":[],"product_cat":[140,21,135],"product_tag":[],"class_list":["post-9489557","product","type-product","status-publish","has-post-thumbnail","hentry","product_cat-cozedura-aquecimento","product_cat-restauracao","product_cat-lmpadas-de-aquecimento","product_shipping_class-pph"],"_links":{"self":[{"href":"https:\/\/tpohotelariaecasa.pt\/index.php\/wp-json\/wp\/v2\/product\/9489557"}],"collection":[{"href":"https:\/\/tpohotelariaecasa.pt\/index.php\/wp-json\/wp\/v2\/product"}],"about":[{"href":"https:\/\/tpohotelariaecasa.pt\/index.php\/wp-json\/wp\/v2\/types\/product"}],"replies":[{"embeddable":true,"href":"https:\/\/tpohotelariaecasa.pt\/index.php\/wp-json\/wp\/v2\/comments?post=9489557"}],"wp:featuredmedia":[{"embeddable":true,"href":"https:\/\/tpohotelariaecasa.pt\/index.php\/wp-json\/wp\/v2\/media\/9489556"}],"wp:attachment":[{"href":"https:\/\/tpohotelariaecasa.pt\/index.php\/wp-json\/wp\/v2\/media?parent=9489557"}],"wp:term":[{"taxonomy":"product_cat","embeddable":true,"href":"https:\/\/tpohotelariaecasa.pt\/index.php\/wp-json\/wp\/v2\/product_cat?post=9489557"},{"taxonomy":"product_tag","embeddable":true,"href":"https:\/\/tpohotelariaecasa.pt\/index.php\/wp-json\/wp\/v2\/product_tag?post=9489557"}],"curies":[{"name":"wp","href":"https:\/\/api.w.org\/{rel}","templated":true}]}}