{"id":9489561,"date":"2025-03-18T16:26:58","date_gmt":"2025-03-18T16:26:58","guid":{"rendered":"https:\/\/tpohotelariaecasa.pt\/index.php\/product\/arca-congeladora-93-l-2-rodas-compacto\/"},"modified":"2025-04-03T09:10:12","modified_gmt":"2025-04-03T09:10:12","slug":"arca-congeladora-93-l-2-rodas-compacto","status":"publish","type":"product","link":"https:\/\/tpohotelariaecasa.pt\/index.php\/product\/arca-congeladora-93-l-2-rodas-compacto\/","title":{"rendered":"Arca Congeladora &#8211; 93 l &#8211; 2 Rodas &#8211; Compacto"},"content":{"rendered":"","protected":false},"excerpt":{"rendered":"<p>Qualquer estabelecimento de restaura\u00e7\u00e3o precisa de uma forma de manter as coisas congeladas e uma arca congeladora \u00e9 uma op\u00e7\u00e3o muito conveniente. Esta arca congeladora profissional tem uma capacidade de 93 L e est\u00e1 equipada com uma pega e um fecho. \u00c9 fornecida com um \u00fatil cesto de suspens\u00e3o e tem ilumina\u00e7\u00e3o LED na tampa para que possa ver facilmente o que est\u00e1 no interior. consulte Mais informa\u00e7\u00e3o<\/p>\n","protected":false},"featured_media":9489560,"comment_status":"open","ping_status":"closed","template":"","meta":[],"product_cat":[71,21,138],"product_tag":[],"class_list":["post-9489561","product","type-product","status-publish","has-post-thumbnail","hentry","product_cat-arcas-de-congelao","product_cat-restauracao","product_cat-frio-industrial","product_shipping_class-gph"],"_links":{"self":[{"href":"https:\/\/tpohotelariaecasa.pt\/index.php\/wp-json\/wp\/v2\/product\/9489561"}],"collection":[{"href":"https:\/\/tpohotelariaecasa.pt\/index.php\/wp-json\/wp\/v2\/product"}],"about":[{"href":"https:\/\/tpohotelariaecasa.pt\/index.php\/wp-json\/wp\/v2\/types\/product"}],"replies":[{"embeddable":true,"href":"https:\/\/tpohotelariaecasa.pt\/index.php\/wp-json\/wp\/v2\/comments?post=9489561"}],"wp:featuredmedia":[{"embeddable":true,"href":"https:\/\/tpohotelariaecasa.pt\/index.php\/wp-json\/wp\/v2\/media\/9489560"}],"wp:attachment":[{"href":"https:\/\/tpohotelariaecasa.pt\/index.php\/wp-json\/wp\/v2\/media?parent=9489561"}],"wp:term":[{"taxonomy":"product_cat","embeddable":true,"href":"https:\/\/tpohotelariaecasa.pt\/index.php\/wp-json\/wp\/v2\/product_cat?post=9489561"},{"taxonomy":"product_tag","embeddable":true,"href":"https:\/\/tpohotelariaecasa.pt\/index.php\/wp-json\/wp\/v2\/product_tag?post=9489561"}],"curies":[{"name":"wp","href":"https:\/\/api.w.org\/{rel}","templated":true}]}}