{"id":9489567,"date":"2025-03-18T16:27:00","date_gmt":"2025-03-18T16:27:00","guid":{"rendered":"https:\/\/tpohotelariaecasa.pt\/index.php\/product\/derretedor-de-chocolate-2-x-1-3-gn-10-cm\/"},"modified":"2025-04-03T09:10:12","modified_gmt":"2025-04-03T09:10:12","slug":"derretedor-de-chocolate-2-x-1-3-gn-10-cm","status":"publish","type":"product","link":"https:\/\/tpohotelariaecasa.pt\/index.php\/product\/derretedor-de-chocolate-2-x-1-3-gn-10-cm\/","title":{"rendered":"Derretedor de Chocolate &#8211; 2 x 1\/3 GN 10 cm"},"content":{"rendered":"","protected":false},"excerpt":{"rendered":"<p>Este derretedor de chocolate tem uma bacia de \u00e1gua e dois tabuleiros GN 1\/3 para derreter o chocolate lentamente. O m\u00e9todo de banho-maria evita que o chocolate se queime e \u00e9 ideal para gelatarias, pastelarias, estabelecimentos de restaura\u00e7\u00e3o e chocolatarias. consulte Mais informa\u00e7\u00e3o<\/p>\n","protected":false},"featured_media":9489566,"comment_status":"open","ping_status":"closed","template":"","meta":[],"product_cat":[790,21],"product_tag":[],"class_list":["post-9489567","product","type-product","status-publish","has-post-thumbnail","hentry","product_cat-derretedor-de-chocolate","product_cat-restauracao","product_shipping_class-pph"],"_links":{"self":[{"href":"https:\/\/tpohotelariaecasa.pt\/index.php\/wp-json\/wp\/v2\/product\/9489567"}],"collection":[{"href":"https:\/\/tpohotelariaecasa.pt\/index.php\/wp-json\/wp\/v2\/product"}],"about":[{"href":"https:\/\/tpohotelariaecasa.pt\/index.php\/wp-json\/wp\/v2\/types\/product"}],"replies":[{"embeddable":true,"href":"https:\/\/tpohotelariaecasa.pt\/index.php\/wp-json\/wp\/v2\/comments?post=9489567"}],"wp:featuredmedia":[{"embeddable":true,"href":"https:\/\/tpohotelariaecasa.pt\/index.php\/wp-json\/wp\/v2\/media\/9489566"}],"wp:attachment":[{"href":"https:\/\/tpohotelariaecasa.pt\/index.php\/wp-json\/wp\/v2\/media?parent=9489567"}],"wp:term":[{"taxonomy":"product_cat","embeddable":true,"href":"https:\/\/tpohotelariaecasa.pt\/index.php\/wp-json\/wp\/v2\/product_cat?post=9489567"},{"taxonomy":"product_tag","embeddable":true,"href":"https:\/\/tpohotelariaecasa.pt\/index.php\/wp-json\/wp\/v2\/product_tag?post=9489567"}],"curies":[{"name":"wp","href":"https:\/\/api.w.org\/{rel}","templated":true}]}}