{"id":9489571,"date":"2025-03-18T16:27:01","date_gmt":"2025-03-18T16:27:01","guid":{"rendered":"https:\/\/tpohotelariaecasa.pt\/index.php\/product\/derretedor-de-chocolate-4-x-1-6-gn-10-cm\/"},"modified":"2025-04-03T09:10:12","modified_gmt":"2025-04-03T09:10:12","slug":"derretedor-de-chocolate-4-x-1-6-gn-10-cm","status":"publish","type":"product","link":"https:\/\/tpohotelariaecasa.pt\/index.php\/product\/derretedor-de-chocolate-4-x-1-6-gn-10-cm\/","title":{"rendered":"Derretedor de Chocolate &#8211; 4 x 1\/6 GN 10 cm"},"content":{"rendered":"","protected":false},"excerpt":{"rendered":"<p>Derreter o seu chocolate em banho-maria nunca foi t\u00e3o f\u00e1cil com este derretedor de chocolate. Como pode definir a temperatura com precis\u00e3o, pode derreter o chocolate lenta e uniformemente sem que este se queime. Com 4 recipientes de 1\/6 GN, tem sempre chocolate derretido suficiente pronto a usar. consulte Mais informa\u00e7\u00e3o<\/p>\n","protected":false},"featured_media":9489570,"comment_status":"open","ping_status":"closed","template":"","meta":[],"product_cat":[790,21],"product_tag":[],"class_list":["post-9489571","product","type-product","status-publish","has-post-thumbnail","hentry","product_cat-derretedor-de-chocolate","product_cat-restauracao","product_shipping_class-pph"],"_links":{"self":[{"href":"https:\/\/tpohotelariaecasa.pt\/index.php\/wp-json\/wp\/v2\/product\/9489571"}],"collection":[{"href":"https:\/\/tpohotelariaecasa.pt\/index.php\/wp-json\/wp\/v2\/product"}],"about":[{"href":"https:\/\/tpohotelariaecasa.pt\/index.php\/wp-json\/wp\/v2\/types\/product"}],"replies":[{"embeddable":true,"href":"https:\/\/tpohotelariaecasa.pt\/index.php\/wp-json\/wp\/v2\/comments?post=9489571"}],"wp:featuredmedia":[{"embeddable":true,"href":"https:\/\/tpohotelariaecasa.pt\/index.php\/wp-json\/wp\/v2\/media\/9489570"}],"wp:attachment":[{"href":"https:\/\/tpohotelariaecasa.pt\/index.php\/wp-json\/wp\/v2\/media?parent=9489571"}],"wp:term":[{"taxonomy":"product_cat","embeddable":true,"href":"https:\/\/tpohotelariaecasa.pt\/index.php\/wp-json\/wp\/v2\/product_cat?post=9489571"},{"taxonomy":"product_tag","embeddable":true,"href":"https:\/\/tpohotelariaecasa.pt\/index.php\/wp-json\/wp\/v2\/product_tag?post=9489571"}],"curies":[{"name":"wp","href":"https:\/\/api.w.org\/{rel}","templated":true}]}}