{"id":9489573,"date":"2025-03-18T16:27:02","date_gmt":"2025-03-18T16:27:02","guid":{"rendered":"https:\/\/tpohotelariaecasa.pt\/index.php\/product\/derretedor-de-chocolate-6-x-1-6-gn-10-cm\/"},"modified":"2025-04-03T09:10:12","modified_gmt":"2025-04-03T09:10:12","slug":"derretedor-de-chocolate-6-x-1-6-gn-10-cm","status":"publish","type":"product","link":"https:\/\/tpohotelariaecasa.pt\/index.php\/product\/derretedor-de-chocolate-6-x-1-6-gn-10-cm\/","title":{"rendered":"Derretedor de Chocolate &#8211; 6 x 1\/6 GN 10 cm"},"content":{"rendered":"","protected":false},"excerpt":{"rendered":"<p>O derretedor de chocolate \u00e9 composto por 6 recipientes de 1\/6 GN nos quais o chocolate pode ser derretido lentamente e \u00e9 ideal para gelatarias, chocolatarias, pastelarias e outros estabelecimentos de restaura\u00e7\u00e3o. Como a temperatura pode ser regulada com exatid\u00e3o, evita-se que o chocolate se queime. consulte Mais informa\u00e7\u00e3o<\/p>\n","protected":false},"featured_media":9489572,"comment_status":"open","ping_status":"closed","template":"","meta":[],"product_cat":[790,21],"product_tag":[],"class_list":["post-9489573","product","type-product","status-publish","has-post-thumbnail","hentry","product_cat-derretedor-de-chocolate","product_cat-restauracao","product_shipping_class-pph"],"_links":{"self":[{"href":"https:\/\/tpohotelariaecasa.pt\/index.php\/wp-json\/wp\/v2\/product\/9489573"}],"collection":[{"href":"https:\/\/tpohotelariaecasa.pt\/index.php\/wp-json\/wp\/v2\/product"}],"about":[{"href":"https:\/\/tpohotelariaecasa.pt\/index.php\/wp-json\/wp\/v2\/types\/product"}],"replies":[{"embeddable":true,"href":"https:\/\/tpohotelariaecasa.pt\/index.php\/wp-json\/wp\/v2\/comments?post=9489573"}],"wp:featuredmedia":[{"embeddable":true,"href":"https:\/\/tpohotelariaecasa.pt\/index.php\/wp-json\/wp\/v2\/media\/9489572"}],"wp:attachment":[{"href":"https:\/\/tpohotelariaecasa.pt\/index.php\/wp-json\/wp\/v2\/media?parent=9489573"}],"wp:term":[{"taxonomy":"product_cat","embeddable":true,"href":"https:\/\/tpohotelariaecasa.pt\/index.php\/wp-json\/wp\/v2\/product_cat?post=9489573"},{"taxonomy":"product_tag","embeddable":true,"href":"https:\/\/tpohotelariaecasa.pt\/index.php\/wp-json\/wp\/v2\/product_tag?post=9489573"}],"curies":[{"name":"wp","href":"https:\/\/api.w.org\/{rel}","templated":true}]}}