{"id":9489583,"date":"2025-03-18T16:27:05","date_gmt":"2025-03-18T16:27:05","guid":{"rendered":"https:\/\/tpohotelariaecasa.pt\/index.php\/product\/aquecedor-de-batatas-fritas-de-qualidade-comercial-unidade-simples-60-cm-de-profundidade-eletrico\/"},"modified":"2025-04-03T09:10:11","modified_gmt":"2025-04-03T09:10:11","slug":"aquecedor-de-batatas-fritas-de-qualidade-comercial-unidade-simples-60-cm-de-profundidade-eletrico","status":"publish","type":"product","link":"https:\/\/tpohotelariaecasa.pt\/index.php\/product\/aquecedor-de-batatas-fritas-de-qualidade-comercial-unidade-simples-60-cm-de-profundidade-eletrico\/","title":{"rendered":"Aquecedor de Batatas Fritas de Qualidade Comercial &#8211; Unidade Simples &#8211; 60 cm de Profundidade &#8211; El\u00e9trico"},"content":{"rendered":"","protected":false},"excerpt":{"rendered":"<p>Este prato quente de restaura\u00e7\u00e3o \u00e9 adequado para manter as batatas fritas quentes no seu recipiente de 29 x 32cm. Gra\u00e7as \u00e0 sua alta qualidade, esta unidade de aquecimento \u00e9 adequada para uma utiliza\u00e7\u00e3o di\u00e1ria intensiva. As superf\u00edcies de a\u00e7o inoxid\u00e1vel s\u00e3o f\u00e1ceis de limpar e pode instalar a unidade de aquecimento numa linha de cozedura. consulte Mais informa\u00e7\u00e3o<\/p>\n","protected":false},"featured_media":9489582,"comment_status":"open","ping_status":"closed","template":"","meta":[],"product_cat":[21,135],"product_tag":[],"class_list":["post-9489583","product","type-product","status-publish","has-post-thumbnail","hentry","product_cat-restauracao","product_cat-lmpadas-de-aquecimento","product_shipping_class-pph"],"_links":{"self":[{"href":"https:\/\/tpohotelariaecasa.pt\/index.php\/wp-json\/wp\/v2\/product\/9489583"}],"collection":[{"href":"https:\/\/tpohotelariaecasa.pt\/index.php\/wp-json\/wp\/v2\/product"}],"about":[{"href":"https:\/\/tpohotelariaecasa.pt\/index.php\/wp-json\/wp\/v2\/types\/product"}],"replies":[{"embeddable":true,"href":"https:\/\/tpohotelariaecasa.pt\/index.php\/wp-json\/wp\/v2\/comments?post=9489583"}],"wp:featuredmedia":[{"embeddable":true,"href":"https:\/\/tpohotelariaecasa.pt\/index.php\/wp-json\/wp\/v2\/media\/9489582"}],"wp:attachment":[{"href":"https:\/\/tpohotelariaecasa.pt\/index.php\/wp-json\/wp\/v2\/media?parent=9489583"}],"wp:term":[{"taxonomy":"product_cat","embeddable":true,"href":"https:\/\/tpohotelariaecasa.pt\/index.php\/wp-json\/wp\/v2\/product_cat?post=9489583"},{"taxonomy":"product_tag","embeddable":true,"href":"https:\/\/tpohotelariaecasa.pt\/index.php\/wp-json\/wp\/v2\/product_tag?post=9489583"}],"curies":[{"name":"wp","href":"https:\/\/api.w.org\/{rel}","templated":true}]}}