{"id":9489585,"date":"2025-03-18T16:27:05","date_gmt":"2025-03-18T16:27:05","guid":{"rendered":"https:\/\/tpohotelariaecasa.pt\/index.php\/product\/forno-eletrico-de-grau-comercial-60-x-60-cm\/"},"modified":"2025-04-03T09:10:11","modified_gmt":"2025-04-03T09:10:11","slug":"forno-eletrico-de-grau-comercial-60-x-60-cm","status":"publish","type":"product","link":"https:\/\/tpohotelariaecasa.pt\/index.php\/product\/forno-eletrico-de-grau-comercial-60-x-60-cm\/","title":{"rendered":"Forno el\u00e9trico de grau comercial 60 x 60 cm"},"content":{"rendered":"","protected":false},"excerpt":{"rendered":"<p>Este forno el\u00e9ctrico de convec\u00e7\u00e3o \u00e9 especialmente fabricado para uso di\u00e1rio intensivo em restaurantes, hot\u00e9is, cantinas de empresas e outros estabelecimentos de restaura\u00e7\u00e3o. Pode tamb\u00e9m montar este forno dentro de uma linha de cozedura. Al\u00e9m disso, o forno \u00e9 adequado para ser colocado com outros aparelhos de cozinha da s\u00e9rie 600 cookline. consulte Mais informa\u00e7\u00e3o<\/p>\n","protected":false},"featured_media":9489584,"comment_status":"open","ping_status":"closed","template":"","meta":[],"product_cat":[88,21],"product_tag":[],"class_list":["post-9489585","product","type-product","status-publish","has-post-thumbnail","hentry","product_cat-fornos","product_cat-restauracao","product_shipping_class-gph"],"_links":{"self":[{"href":"https:\/\/tpohotelariaecasa.pt\/index.php\/wp-json\/wp\/v2\/product\/9489585"}],"collection":[{"href":"https:\/\/tpohotelariaecasa.pt\/index.php\/wp-json\/wp\/v2\/product"}],"about":[{"href":"https:\/\/tpohotelariaecasa.pt\/index.php\/wp-json\/wp\/v2\/types\/product"}],"replies":[{"embeddable":true,"href":"https:\/\/tpohotelariaecasa.pt\/index.php\/wp-json\/wp\/v2\/comments?post=9489585"}],"wp:featuredmedia":[{"embeddable":true,"href":"https:\/\/tpohotelariaecasa.pt\/index.php\/wp-json\/wp\/v2\/media\/9489584"}],"wp:attachment":[{"href":"https:\/\/tpohotelariaecasa.pt\/index.php\/wp-json\/wp\/v2\/media?parent=9489585"}],"wp:term":[{"taxonomy":"product_cat","embeddable":true,"href":"https:\/\/tpohotelariaecasa.pt\/index.php\/wp-json\/wp\/v2\/product_cat?post=9489585"},{"taxonomy":"product_tag","embeddable":true,"href":"https:\/\/tpohotelariaecasa.pt\/index.php\/wp-json\/wp\/v2\/product_tag?post=9489585"}],"curies":[{"name":"wp","href":"https:\/\/api.w.org\/{rel}","templated":true}]}}