{"id":9489593,"date":"2025-03-18T16:27:08","date_gmt":"2025-03-18T16:27:08","guid":{"rendered":"https:\/\/tpohotelariaecasa.pt\/index.php\/product\/balcao-frigorifico-136-cm-2-portas-de-vidro\/"},"modified":"2025-04-03T09:10:11","modified_gmt":"2025-04-03T09:10:11","slug":"balcao-frigorifico-136-cm-2-portas-de-vidro","status":"publish","type":"product","link":"https:\/\/tpohotelariaecasa.pt\/index.php\/product\/balcao-frigorifico-136-cm-2-portas-de-vidro\/","title":{"rendered":"Balc\u00e3o Frigor\u00edfico &#8211; 136 cm &#8211; 2 Portas de Vidro"},"content":{"rendered":"","protected":false},"excerpt":{"rendered":"<p>Pretende trabalhar de forma ergon\u00f3mica e manter os produtos frescos em simult\u00e2neo? Ent\u00e3o, esta bancada de refrigera\u00e7\u00e3o com duas portas de vidro \u00e9 ideal. O balc\u00e3o frigor\u00edfico tem duas grelhas separadas e regul\u00e1veis em altura. consulte Mais informa\u00e7\u00e3o<\/p>\n","protected":false},"featured_media":9489592,"comment_status":"open","ping_status":"closed","template":"","meta":[],"product_cat":[21,73],"product_tag":[],"class_list":["post-9489593","product","type-product","status-publish","has-post-thumbnail","hentry","product_cat-restauracao","product_cat-bancada-de-trabalho-refrigerada","product_shipping_class-gph"],"_links":{"self":[{"href":"https:\/\/tpohotelariaecasa.pt\/index.php\/wp-json\/wp\/v2\/product\/9489593"}],"collection":[{"href":"https:\/\/tpohotelariaecasa.pt\/index.php\/wp-json\/wp\/v2\/product"}],"about":[{"href":"https:\/\/tpohotelariaecasa.pt\/index.php\/wp-json\/wp\/v2\/types\/product"}],"replies":[{"embeddable":true,"href":"https:\/\/tpohotelariaecasa.pt\/index.php\/wp-json\/wp\/v2\/comments?post=9489593"}],"wp:featuredmedia":[{"embeddable":true,"href":"https:\/\/tpohotelariaecasa.pt\/index.php\/wp-json\/wp\/v2\/media\/9489592"}],"wp:attachment":[{"href":"https:\/\/tpohotelariaecasa.pt\/index.php\/wp-json\/wp\/v2\/media?parent=9489593"}],"wp:term":[{"taxonomy":"product_cat","embeddable":true,"href":"https:\/\/tpohotelariaecasa.pt\/index.php\/wp-json\/wp\/v2\/product_cat?post=9489593"},{"taxonomy":"product_tag","embeddable":true,"href":"https:\/\/tpohotelariaecasa.pt\/index.php\/wp-json\/wp\/v2\/product_tag?post=9489593"}],"curies":[{"name":"wp","href":"https:\/\/api.w.org\/{rel}","templated":true}]}}