{"id":9489597,"date":"2025-03-18T16:27:09","date_gmt":"2025-03-18T16:27:09","guid":{"rendered":"https:\/\/tpohotelariaecasa.pt\/index.php\/product\/balcao-frigorifico-223-cm-4-portas\/"},"modified":"2025-04-03T09:10:11","modified_gmt":"2025-04-03T09:10:11","slug":"balcao-frigorifico-223-cm-4-portas","status":"publish","type":"product","link":"https:\/\/tpohotelariaecasa.pt\/index.php\/product\/balcao-frigorifico-223-cm-4-portas\/","title":{"rendered":"Balc\u00e3o Frigor\u00edfico &#8211; 223 cm &#8211; 4 Portas"},"content":{"rendered":"","protected":false},"excerpt":{"rendered":"<p>Este vers\u00e1til frigor\u00edfico de balc\u00e3o \u00e9 um complemento perfeito para o seu neg\u00f3cio de restaura\u00e7\u00e3o. Tem 553 litros de capacidade de refrigera\u00e7\u00e3o e uma bancada de trabalho que permite acomodar v\u00e1rias pessoas. Este modelo permite-lhe organizar e expandir o interior desta bancada de trabalho. consulte Mais informa\u00e7\u00e3o<\/p>\n","protected":false},"featured_media":9489596,"comment_status":"open","ping_status":"closed","template":"","meta":[],"product_cat":[21,73],"product_tag":[],"class_list":["post-9489597","product","type-product","status-publish","has-post-thumbnail","hentry","product_cat-restauracao","product_cat-bancada-de-trabalho-refrigerada","product_shipping_class-gph"],"_links":{"self":[{"href":"https:\/\/tpohotelariaecasa.pt\/index.php\/wp-json\/wp\/v2\/product\/9489597"}],"collection":[{"href":"https:\/\/tpohotelariaecasa.pt\/index.php\/wp-json\/wp\/v2\/product"}],"about":[{"href":"https:\/\/tpohotelariaecasa.pt\/index.php\/wp-json\/wp\/v2\/types\/product"}],"replies":[{"embeddable":true,"href":"https:\/\/tpohotelariaecasa.pt\/index.php\/wp-json\/wp\/v2\/comments?post=9489597"}],"wp:featuredmedia":[{"embeddable":true,"href":"https:\/\/tpohotelariaecasa.pt\/index.php\/wp-json\/wp\/v2\/media\/9489596"}],"wp:attachment":[{"href":"https:\/\/tpohotelariaecasa.pt\/index.php\/wp-json\/wp\/v2\/media?parent=9489597"}],"wp:term":[{"taxonomy":"product_cat","embeddable":true,"href":"https:\/\/tpohotelariaecasa.pt\/index.php\/wp-json\/wp\/v2\/product_cat?post=9489597"},{"taxonomy":"product_tag","embeddable":true,"href":"https:\/\/tpohotelariaecasa.pt\/index.php\/wp-json\/wp\/v2\/product_tag?post=9489597"}],"curies":[{"name":"wp","href":"https:\/\/api.w.org\/{rel}","templated":true}]}}