{"id":9489599,"date":"2025-03-18T16:27:10","date_gmt":"2025-03-18T16:27:10","guid":{"rendered":"https:\/\/tpohotelariaecasa.pt\/index.php\/product\/balcao-frigorifico-223-cm-4-portas-de-vidro\/"},"modified":"2025-04-03T09:10:11","modified_gmt":"2025-04-03T09:10:11","slug":"balcao-frigorifico-223-cm-4-portas-de-vidro","status":"publish","type":"product","link":"https:\/\/tpohotelariaecasa.pt\/index.php\/product\/balcao-frigorifico-223-cm-4-portas-de-vidro\/","title":{"rendered":"Balc\u00e3o Frigor\u00edfico &#8211; 223 cm &#8211; 4 Portas de Vidro"},"content":{"rendered":"","protected":false},"excerpt":{"rendered":"<p>Esta espa\u00e7osa bancada frigor\u00edfica tem uma capacidade l\u00edquida de 750 litros e quatro portas de vidro, o que lhe d\u00e1 espa\u00e7o suficiente para guardar todos os seus ingredientes de forma organizada. O balc\u00e3o frigor\u00edfico \u00e9 fornecido com quatro grelhas ajust\u00e1veis em altura e tamb\u00e9m pode adicionar mais grelhas e recipientes GN. consulte Mais informa\u00e7\u00e3o<\/p>\n","protected":false},"featured_media":9489598,"comment_status":"open","ping_status":"closed","template":"","meta":[],"product_cat":[21,73,138],"product_tag":[],"class_list":["post-9489599","product","type-product","status-publish","has-post-thumbnail","hentry","product_cat-restauracao","product_cat-bancada-de-trabalho-refrigerada","product_cat-frio-industrial","product_shipping_class-gph"],"_links":{"self":[{"href":"https:\/\/tpohotelariaecasa.pt\/index.php\/wp-json\/wp\/v2\/product\/9489599"}],"collection":[{"href":"https:\/\/tpohotelariaecasa.pt\/index.php\/wp-json\/wp\/v2\/product"}],"about":[{"href":"https:\/\/tpohotelariaecasa.pt\/index.php\/wp-json\/wp\/v2\/types\/product"}],"replies":[{"embeddable":true,"href":"https:\/\/tpohotelariaecasa.pt\/index.php\/wp-json\/wp\/v2\/comments?post=9489599"}],"wp:featuredmedia":[{"embeddable":true,"href":"https:\/\/tpohotelariaecasa.pt\/index.php\/wp-json\/wp\/v2\/media\/9489598"}],"wp:attachment":[{"href":"https:\/\/tpohotelariaecasa.pt\/index.php\/wp-json\/wp\/v2\/media?parent=9489599"}],"wp:term":[{"taxonomy":"product_cat","embeddable":true,"href":"https:\/\/tpohotelariaecasa.pt\/index.php\/wp-json\/wp\/v2\/product_cat?post=9489599"},{"taxonomy":"product_tag","embeddable":true,"href":"https:\/\/tpohotelariaecasa.pt\/index.php\/wp-json\/wp\/v2\/product_tag?post=9489599"}],"curies":[{"name":"wp","href":"https:\/\/api.w.org\/{rel}","templated":true}]}}