{"id":9489609,"date":"2025-03-18T16:27:13","date_gmt":"2025-03-18T16:27:13","guid":{"rendered":"https:\/\/tpohotelariaecasa.pt\/index.php\/product\/fritadeira-16-l-1-cesto-com-torneira-de-drenagem-e-armario-230v\/"},"modified":"2025-04-03T09:10:11","modified_gmt":"2025-04-03T09:10:11","slug":"fritadeira-16-l-1-cesto-com-torneira-de-drenagem-e-armario-230v","status":"publish","type":"product","link":"https:\/\/tpohotelariaecasa.pt\/index.php\/product\/fritadeira-16-l-1-cesto-com-torneira-de-drenagem-e-armario-230v\/","title":{"rendered":"Fritadeira &#8211; 16 l &#8211; 1 Cesto &#8211; com Torneira de Drenagem e Arm\u00e1rio &#8211; 230V"},"content":{"rendered":"","protected":false},"excerpt":{"rendered":"<p>Esta fritadeira f\u00e1cil de utilizar tem uma capacidade m\u00e1xima de \u00f3leo de cerca de 13 L. A fritadeira tem uma caixa de arruma\u00e7\u00e3o e uma torneira de escoamento do \u00f3leo de fritura. \u00c9 fornecida de s\u00e9rie com um cesto de fritar e uma tampa. consulte Mais informa\u00e7\u00e3o<\/p>\n","protected":false},"featured_media":9489608,"comment_status":"open","ping_status":"closed","template":"","meta":[],"product_cat":[793,788,21,89],"product_tag":[],"class_list":["post-9489609","product","type-product","status-publish","has-post-thumbnail","hentry","product_cat-fritadeiras-equipcafebar","product_cat-equipcafebar","product_cat-restauracao","product_cat-fritadeiras","product_shipping_class-pph"],"_links":{"self":[{"href":"https:\/\/tpohotelariaecasa.pt\/index.php\/wp-json\/wp\/v2\/product\/9489609"}],"collection":[{"href":"https:\/\/tpohotelariaecasa.pt\/index.php\/wp-json\/wp\/v2\/product"}],"about":[{"href":"https:\/\/tpohotelariaecasa.pt\/index.php\/wp-json\/wp\/v2\/types\/product"}],"replies":[{"embeddable":true,"href":"https:\/\/tpohotelariaecasa.pt\/index.php\/wp-json\/wp\/v2\/comments?post=9489609"}],"wp:featuredmedia":[{"embeddable":true,"href":"https:\/\/tpohotelariaecasa.pt\/index.php\/wp-json\/wp\/v2\/media\/9489608"}],"wp:attachment":[{"href":"https:\/\/tpohotelariaecasa.pt\/index.php\/wp-json\/wp\/v2\/media?parent=9489609"}],"wp:term":[{"taxonomy":"product_cat","embeddable":true,"href":"https:\/\/tpohotelariaecasa.pt\/index.php\/wp-json\/wp\/v2\/product_cat?post=9489609"},{"taxonomy":"product_tag","embeddable":true,"href":"https:\/\/tpohotelariaecasa.pt\/index.php\/wp-json\/wp\/v2\/product_tag?post=9489609"}],"curies":[{"name":"wp","href":"https:\/\/api.w.org\/{rel}","templated":true}]}}