{"id":9489613,"date":"2025-03-18T16:27:14","date_gmt":"2025-03-18T16:27:14","guid":{"rendered":"https:\/\/tpohotelariaecasa.pt\/index.php\/product\/fritadeira-4-l-1-cesto-ate-08-kg-de-batatas-fritas\/"},"modified":"2025-04-03T09:10:11","modified_gmt":"2025-04-03T09:10:11","slug":"fritadeira-4-l-1-cesto-ate-08-kg-de-batatas-fritas","status":"publish","type":"product","link":"https:\/\/tpohotelariaecasa.pt\/index.php\/product\/fritadeira-4-l-1-cesto-ate-08-kg-de-batatas-fritas\/","title":{"rendered":"Fritadeira &#8211; 4 l &#8211; 1 Cesto &#8211; At\u00e9 0,8 kg de Batatas Fritas"},"content":{"rendered":"","protected":false},"excerpt":{"rendered":"<p>Esta fritadeira vers\u00e1til \u00e9 ideal para o uso di\u00e1rio na cozinha de restaura\u00e7\u00e3o. A fritadeira tem uma capacidade de 4 litros para preparar rapidamente 0,8kg de batatas fritas. consulte Mais informa\u00e7\u00e3o<\/p>\n","protected":false},"featured_media":9489612,"comment_status":"open","ping_status":"closed","template":"","meta":[],"product_cat":[792,793,788,21,89],"product_tag":[],"class_list":["post-9489613","product","type-product","status-publish","has-post-thumbnail","hentry","product_cat-mais-vendidos","product_cat-fritadeiras-equipcafebar","product_cat-equipcafebar","product_cat-restauracao","product_cat-fritadeiras","product_shipping_class-pph"],"_links":{"self":[{"href":"https:\/\/tpohotelariaecasa.pt\/index.php\/wp-json\/wp\/v2\/product\/9489613"}],"collection":[{"href":"https:\/\/tpohotelariaecasa.pt\/index.php\/wp-json\/wp\/v2\/product"}],"about":[{"href":"https:\/\/tpohotelariaecasa.pt\/index.php\/wp-json\/wp\/v2\/types\/product"}],"replies":[{"embeddable":true,"href":"https:\/\/tpohotelariaecasa.pt\/index.php\/wp-json\/wp\/v2\/comments?post=9489613"}],"wp:featuredmedia":[{"embeddable":true,"href":"https:\/\/tpohotelariaecasa.pt\/index.php\/wp-json\/wp\/v2\/media\/9489612"}],"wp:attachment":[{"href":"https:\/\/tpohotelariaecasa.pt\/index.php\/wp-json\/wp\/v2\/media?parent=9489613"}],"wp:term":[{"taxonomy":"product_cat","embeddable":true,"href":"https:\/\/tpohotelariaecasa.pt\/index.php\/wp-json\/wp\/v2\/product_cat?post=9489613"},{"taxonomy":"product_tag","embeddable":true,"href":"https:\/\/tpohotelariaecasa.pt\/index.php\/wp-json\/wp\/v2\/product_tag?post=9489613"}],"curies":[{"name":"wp","href":"https:\/\/api.w.org\/{rel}","templated":true}]}}