{"id":9489623,"date":"2025-03-18T16:27:18","date_gmt":"2025-03-18T16:27:18","guid":{"rendered":"https:\/\/tpohotelariaecasa.pt\/index.php\/product\/suporte-para-maquina-de-lavar-loica-adapta-se-a-40-x-40-cm-aco-inoxidavel\/"},"modified":"2025-04-03T09:10:10","modified_gmt":"2025-04-03T09:10:10","slug":"suporte-para-maquina-de-lavar-loica-adapta-se-a-40-x-40-cm-aco-inoxidavel","status":"publish","type":"product","link":"https:\/\/tpohotelariaecasa.pt\/index.php\/product\/suporte-para-maquina-de-lavar-loica-adapta-se-a-40-x-40-cm-aco-inoxidavel\/","title":{"rendered":"Suporte para M\u00e1quina de Lavar Loi\u00e7a &#8211; Adapta-se a 40 x 40 cm &#8211; A\u00e7o Inoxid\u00e1vel"},"content":{"rendered":"","protected":false},"excerpt":{"rendered":"<p>Este suporte de a\u00e7o inoxid\u00e1vel \u00e9 adequado para colocar debaixo de m\u00e1quinas de lavar loi\u00e7a com um cesto de 40 x 40cm. \u00c9 ideal para carregar e descarregar pratos sem dobrar sobre eles. consulte Mais informa\u00e7\u00e3o<\/p>\n","protected":false},"featured_media":9489622,"comment_status":"open","ping_status":"closed","template":"","meta":[],"product_cat":[21,111],"product_tag":[],"class_list":["post-9489623","product","type-product","status-publish","has-post-thumbnail","hentry","product_cat-restauracao","product_cat-mquinas-de-lavar-loua","product_shipping_class-pph"],"_links":{"self":[{"href":"https:\/\/tpohotelariaecasa.pt\/index.php\/wp-json\/wp\/v2\/product\/9489623"}],"collection":[{"href":"https:\/\/tpohotelariaecasa.pt\/index.php\/wp-json\/wp\/v2\/product"}],"about":[{"href":"https:\/\/tpohotelariaecasa.pt\/index.php\/wp-json\/wp\/v2\/types\/product"}],"replies":[{"embeddable":true,"href":"https:\/\/tpohotelariaecasa.pt\/index.php\/wp-json\/wp\/v2\/comments?post=9489623"}],"wp:featuredmedia":[{"embeddable":true,"href":"https:\/\/tpohotelariaecasa.pt\/index.php\/wp-json\/wp\/v2\/media\/9489622"}],"wp:attachment":[{"href":"https:\/\/tpohotelariaecasa.pt\/index.php\/wp-json\/wp\/v2\/media?parent=9489623"}],"wp:term":[{"taxonomy":"product_cat","embeddable":true,"href":"https:\/\/tpohotelariaecasa.pt\/index.php\/wp-json\/wp\/v2\/product_cat?post=9489623"},{"taxonomy":"product_tag","embeddable":true,"href":"https:\/\/tpohotelariaecasa.pt\/index.php\/wp-json\/wp\/v2\/product_tag?post=9489623"}],"curies":[{"name":"wp","href":"https:\/\/api.w.org\/{rel}","templated":true}]}}