{"id":9489627,"date":"2025-03-18T16:27:19","date_gmt":"2025-03-18T16:27:19","guid":{"rendered":"https:\/\/tpohotelariaecasa.pt\/index.php\/product\/expositor-de-pastelaria-100-l-68-cm-branco\/"},"modified":"2025-04-03T09:10:10","modified_gmt":"2025-04-03T09:10:10","slug":"expositor-de-pastelaria-100-l-68-cm-branco","status":"publish","type":"product","link":"https:\/\/tpohotelariaecasa.pt\/index.php\/product\/expositor-de-pastelaria-100-l-68-cm-branco\/","title":{"rendered":"Expositor de Pastelaria &#8211; 100 l &#8211; 68 cm &#8211; Branco"},"content":{"rendered":"","protected":false},"excerpt":{"rendered":"<p>Esta vitrina de belo design tem uma janela curva na frente e uma capacidade de 100 litros. \u00c9 a vitrina ideal para apresentar pastelaria, sandes e outros petiscos, mantendo-os arrefecidos \u00e0 temperatura certa. consulte Mais informa\u00e7\u00e3o<\/p>\n","protected":false},"featured_media":9489626,"comment_status":"open","ping_status":"closed","template":"","meta":[],"product_cat":[81,21,138],"product_tag":[],"class_list":["post-9489627","product","type-product","status-publish","has-post-thumbnail","hentry","product_cat-vitrine-refrigerada","product_cat-restauracao","product_cat-frio-industrial","product_shipping_class-gph"],"_links":{"self":[{"href":"https:\/\/tpohotelariaecasa.pt\/index.php\/wp-json\/wp\/v2\/product\/9489627"}],"collection":[{"href":"https:\/\/tpohotelariaecasa.pt\/index.php\/wp-json\/wp\/v2\/product"}],"about":[{"href":"https:\/\/tpohotelariaecasa.pt\/index.php\/wp-json\/wp\/v2\/types\/product"}],"replies":[{"embeddable":true,"href":"https:\/\/tpohotelariaecasa.pt\/index.php\/wp-json\/wp\/v2\/comments?post=9489627"}],"wp:featuredmedia":[{"embeddable":true,"href":"https:\/\/tpohotelariaecasa.pt\/index.php\/wp-json\/wp\/v2\/media\/9489626"}],"wp:attachment":[{"href":"https:\/\/tpohotelariaecasa.pt\/index.php\/wp-json\/wp\/v2\/media?parent=9489627"}],"wp:term":[{"taxonomy":"product_cat","embeddable":true,"href":"https:\/\/tpohotelariaecasa.pt\/index.php\/wp-json\/wp\/v2\/product_cat?post=9489627"},{"taxonomy":"product_tag","embeddable":true,"href":"https:\/\/tpohotelariaecasa.pt\/index.php\/wp-json\/wp\/v2\/product_tag?post=9489627"}],"curies":[{"name":"wp","href":"https:\/\/api.w.org\/{rel}","templated":true}]}}