{"id":9489629,"date":"2025-03-18T16:27:20","date_gmt":"2025-03-18T16:27:20","guid":{"rendered":"https:\/\/tpohotelariaecasa.pt\/index.php\/product\/vitrine-refrigerada-175-l-92-cm-com-armario\/"},"modified":"2025-04-03T09:10:10","modified_gmt":"2025-04-03T09:10:10","slug":"vitrine-refrigerada-175-l-92-cm-com-armario","status":"publish","type":"product","link":"https:\/\/tpohotelariaecasa.pt\/index.php\/product\/vitrine-refrigerada-175-l-92-cm-com-armario\/","title":{"rendered":"Vitrine Refrigerada &#8211; 175 l &#8211; 92 cm &#8211; com Arm\u00e1rio"},"content":{"rendered":"","protected":false},"excerpt":{"rendered":"<p>Vitrina refrigerada de alta qualidade com suporte, incluindo rodas. Vidro curvo \u00e0 frente, portas de correr atr\u00e1s proporcionam f\u00e1cil acesso. Controlo digital da temperatura muito preciso e f\u00e1cil de operar. consulte Mais informa\u00e7\u00e3o<\/p>\n","protected":false},"featured_media":9489628,"comment_status":"open","ping_status":"closed","template":"","meta":[],"product_cat":[81,21,138],"product_tag":[],"class_list":["post-9489629","product","type-product","status-publish","has-post-thumbnail","hentry","product_cat-vitrine-refrigerada","product_cat-restauracao","product_cat-frio-industrial","product_shipping_class-gph"],"_links":{"self":[{"href":"https:\/\/tpohotelariaecasa.pt\/index.php\/wp-json\/wp\/v2\/product\/9489629"}],"collection":[{"href":"https:\/\/tpohotelariaecasa.pt\/index.php\/wp-json\/wp\/v2\/product"}],"about":[{"href":"https:\/\/tpohotelariaecasa.pt\/index.php\/wp-json\/wp\/v2\/types\/product"}],"replies":[{"embeddable":true,"href":"https:\/\/tpohotelariaecasa.pt\/index.php\/wp-json\/wp\/v2\/comments?post=9489629"}],"wp:featuredmedia":[{"embeddable":true,"href":"https:\/\/tpohotelariaecasa.pt\/index.php\/wp-json\/wp\/v2\/media\/9489628"}],"wp:attachment":[{"href":"https:\/\/tpohotelariaecasa.pt\/index.php\/wp-json\/wp\/v2\/media?parent=9489629"}],"wp:term":[{"taxonomy":"product_cat","embeddable":true,"href":"https:\/\/tpohotelariaecasa.pt\/index.php\/wp-json\/wp\/v2\/product_cat?post=9489629"},{"taxonomy":"product_tag","embeddable":true,"href":"https:\/\/tpohotelariaecasa.pt\/index.php\/wp-json\/wp\/v2\/product_tag?post=9489629"}],"curies":[{"name":"wp","href":"https:\/\/api.w.org\/{rel}","templated":true}]}}