{"id":9489631,"date":"2025-03-18T16:27:20","date_gmt":"2025-03-18T16:27:20","guid":{"rendered":"https:\/\/tpohotelariaecasa.pt\/index.php\/product\/vitrine-refrigerada-58-l-43-cm-branco\/"},"modified":"2025-04-03T09:10:10","modified_gmt":"2025-04-03T09:10:10","slug":"vitrine-refrigerada-58-l-43-cm-branco","status":"publish","type":"product","link":"https:\/\/tpohotelariaecasa.pt\/index.php\/product\/vitrine-refrigerada-58-l-43-cm-branco\/","title":{"rendered":"Vitrine Refrigerada &#8211; 58 l &#8211; 43 cm &#8211; Branco"},"content":{"rendered":"","protected":false},"excerpt":{"rendered":"<p>Este frigor\u00edfico expositor \u00e9 uma solu\u00e7\u00e3o pr\u00e1tica de refrigera\u00e7\u00e3o, com ventilador e um controlador digital de temperatura. \u00c9 ideal para ser utilizado como um modelo de mesa para arrefecimento e apresenta\u00e7\u00e3o de produtos. consulte Mais informa\u00e7\u00e3o<\/p>\n","protected":false},"featured_media":9489630,"comment_status":"open","ping_status":"closed","template":"","meta":[],"product_cat":[81,21,138],"product_tag":[],"class_list":["post-9489631","product","type-product","status-publish","has-post-thumbnail","hentry","product_cat-vitrine-refrigerada","product_cat-restauracao","product_cat-frio-industrial","product_shipping_class-gph"],"_links":{"self":[{"href":"https:\/\/tpohotelariaecasa.pt\/index.php\/wp-json\/wp\/v2\/product\/9489631"}],"collection":[{"href":"https:\/\/tpohotelariaecasa.pt\/index.php\/wp-json\/wp\/v2\/product"}],"about":[{"href":"https:\/\/tpohotelariaecasa.pt\/index.php\/wp-json\/wp\/v2\/types\/product"}],"replies":[{"embeddable":true,"href":"https:\/\/tpohotelariaecasa.pt\/index.php\/wp-json\/wp\/v2\/comments?post=9489631"}],"wp:featuredmedia":[{"embeddable":true,"href":"https:\/\/tpohotelariaecasa.pt\/index.php\/wp-json\/wp\/v2\/media\/9489630"}],"wp:attachment":[{"href":"https:\/\/tpohotelariaecasa.pt\/index.php\/wp-json\/wp\/v2\/media?parent=9489631"}],"wp:term":[{"taxonomy":"product_cat","embeddable":true,"href":"https:\/\/tpohotelariaecasa.pt\/index.php\/wp-json\/wp\/v2\/product_cat?post=9489631"},{"taxonomy":"product_tag","embeddable":true,"href":"https:\/\/tpohotelariaecasa.pt\/index.php\/wp-json\/wp\/v2\/product_tag?post=9489631"}],"curies":[{"name":"wp","href":"https:\/\/api.w.org\/{rel}","templated":true}]}}