{"id":9489633,"date":"2025-03-18T16:27:21","date_gmt":"2025-03-18T16:27:21","guid":{"rendered":"https:\/\/tpohotelariaecasa.pt\/index.php\/product\/vitrine-refrigerada-78-l-43-cm\/"},"modified":"2025-04-03T09:10:10","modified_gmt":"2025-04-03T09:10:10","slug":"vitrine-refrigerada-78-l-43-cm","status":"publish","type":"product","link":"https:\/\/tpohotelariaecasa.pt\/index.php\/product\/vitrine-refrigerada-78-l-43-cm\/","title":{"rendered":"Vitrine Refrigerada &#8211; 78 l &#8211; 43 cm"},"content":{"rendered":"","protected":false},"excerpt":{"rendered":"<p>Esta mini vitrina refrigerada com uma capacidade de 78 litros vem com tr\u00eas prateleiras. A temperatura de arrefecimento pode ser regulada como se desejar, gra\u00e7as ao controlador digital de temperatura. Um modelo de mesa adequado para arrefecimento e apresenta\u00e7\u00e3o de produtos. consulte Mais informa\u00e7\u00e3o<\/p>\n","protected":false},"featured_media":9489632,"comment_status":"open","ping_status":"closed","template":"","meta":[],"product_cat":[81,21],"product_tag":[],"class_list":["post-9489633","product","type-product","status-publish","has-post-thumbnail","hentry","product_cat-vitrine-refrigerada","product_cat-restauracao","product_shipping_class-gph"],"_links":{"self":[{"href":"https:\/\/tpohotelariaecasa.pt\/index.php\/wp-json\/wp\/v2\/product\/9489633"}],"collection":[{"href":"https:\/\/tpohotelariaecasa.pt\/index.php\/wp-json\/wp\/v2\/product"}],"about":[{"href":"https:\/\/tpohotelariaecasa.pt\/index.php\/wp-json\/wp\/v2\/types\/product"}],"replies":[{"embeddable":true,"href":"https:\/\/tpohotelariaecasa.pt\/index.php\/wp-json\/wp\/v2\/comments?post=9489633"}],"wp:featuredmedia":[{"embeddable":true,"href":"https:\/\/tpohotelariaecasa.pt\/index.php\/wp-json\/wp\/v2\/media\/9489632"}],"wp:attachment":[{"href":"https:\/\/tpohotelariaecasa.pt\/index.php\/wp-json\/wp\/v2\/media?parent=9489633"}],"wp:term":[{"taxonomy":"product_cat","embeddable":true,"href":"https:\/\/tpohotelariaecasa.pt\/index.php\/wp-json\/wp\/v2\/product_cat?post=9489633"},{"taxonomy":"product_tag","embeddable":true,"href":"https:\/\/tpohotelariaecasa.pt\/index.php\/wp-json\/wp\/v2\/product_tag?post=9489633"}],"curies":[{"name":"wp","href":"https:\/\/api.w.org\/{rel}","templated":true}]}}