{"id":9489635,"date":"2025-03-18T16:27:22","date_gmt":"2025-03-18T16:27:22","guid":{"rendered":"https:\/\/tpohotelariaecasa.pt\/index.php\/product\/vitrine-refrigerada-78-l-43-cm-branco\/"},"modified":"2025-04-03T09:10:10","modified_gmt":"2025-04-03T09:10:10","slug":"vitrine-refrigerada-78-l-43-cm-branco","status":"publish","type":"product","link":"https:\/\/tpohotelariaecasa.pt\/index.php\/product\/vitrine-refrigerada-78-l-43-cm-branco\/","title":{"rendered":"Vitrine Refrigerada &#8211; 78 l &#8211; 43 cm &#8211; Branco"},"content":{"rendered":"","protected":false},"excerpt":{"rendered":"<p>Este mini-frigor\u00edfico de exposi\u00e7\u00e3o com uma capacidade de 78 litros vem com tr\u00eas prateleiras. A temperatura pode ser regulada exactamente como requerido, gra\u00e7as ao controlador digital de temperatura. Este modelo de mesa \u00e9 bem adequado para refrigerar e apresentar produtos. consulte Mais informa\u00e7\u00e3o<\/p>\n","protected":false},"featured_media":9489634,"comment_status":"open","ping_status":"closed","template":"","meta":[],"product_cat":[81,21],"product_tag":[],"class_list":["post-9489635","product","type-product","status-publish","has-post-thumbnail","hentry","product_cat-vitrine-refrigerada","product_cat-restauracao","product_shipping_class-gph"],"_links":{"self":[{"href":"https:\/\/tpohotelariaecasa.pt\/index.php\/wp-json\/wp\/v2\/product\/9489635"}],"collection":[{"href":"https:\/\/tpohotelariaecasa.pt\/index.php\/wp-json\/wp\/v2\/product"}],"about":[{"href":"https:\/\/tpohotelariaecasa.pt\/index.php\/wp-json\/wp\/v2\/types\/product"}],"replies":[{"embeddable":true,"href":"https:\/\/tpohotelariaecasa.pt\/index.php\/wp-json\/wp\/v2\/comments?post=9489635"}],"wp:featuredmedia":[{"embeddable":true,"href":"https:\/\/tpohotelariaecasa.pt\/index.php\/wp-json\/wp\/v2\/media\/9489634"}],"wp:attachment":[{"href":"https:\/\/tpohotelariaecasa.pt\/index.php\/wp-json\/wp\/v2\/media?parent=9489635"}],"wp:term":[{"taxonomy":"product_cat","embeddable":true,"href":"https:\/\/tpohotelariaecasa.pt\/index.php\/wp-json\/wp\/v2\/product_cat?post=9489635"},{"taxonomy":"product_tag","embeddable":true,"href":"https:\/\/tpohotelariaecasa.pt\/index.php\/wp-json\/wp\/v2\/product_tag?post=9489635"}],"curies":[{"name":"wp","href":"https:\/\/api.w.org\/{rel}","templated":true}]}}