{"id":9496343,"date":"2025-03-20T08:03:19","date_gmt":"2025-03-20T08:03:19","guid":{"rendered":"https:\/\/tpohotelariaecasa.pt\/index.php\/product\/conjunto-de-copos-de-medicao-incl-60-80-125-e-250-ml\/"},"modified":"2025-04-03T09:10:14","modified_gmt":"2025-04-03T09:10:14","slug":"conjunto-de-copos-de-medicao-incl-60-80-125-e-250-ml","status":"publish","type":"product","link":"https:\/\/tpohotelariaecasa.pt\/index.php\/product\/conjunto-de-copos-de-medicao-incl-60-80-125-e-250-ml\/","title":{"rendered":"Conjunto de Copos de Medi\u00e7\u00e3o &#8211; incl. 60, 80, 125 e 250 ml"},"content":{"rendered":"","protected":false},"excerpt":{"rendered":"<p>Um conjunto robusto de copos de medi\u00e7\u00e3o \u00e9 um item obrigat\u00f3rio em qualquer bar ou cozinha. Este de a\u00e7o inoxid\u00e1vel da Maxima n\u00e3o s\u00f3 \u00e9 dur\u00e1vel, como tamb\u00e9m muito f\u00e1cil de limpar. V\u00eam num conjunto de quatro com v\u00e1rias medidas, desde um quarto de copo (60ml) at\u00e9 um copo cheio (250ml). consulte Mais informa\u00e7\u00e3o<\/p>\n","protected":false},"featured_media":9496342,"comment_status":"open","ping_status":"closed","template":"","meta":[],"product_cat":[21,109],"product_tag":[],"class_list":["post-9496343","product","type-product","status-publish","has-post-thumbnail","hentry","product_cat-restauracao","product_cat-outros-produtos-aco-inox","product_shipping_class-pph"],"_links":{"self":[{"href":"https:\/\/tpohotelariaecasa.pt\/index.php\/wp-json\/wp\/v2\/product\/9496343"}],"collection":[{"href":"https:\/\/tpohotelariaecasa.pt\/index.php\/wp-json\/wp\/v2\/product"}],"about":[{"href":"https:\/\/tpohotelariaecasa.pt\/index.php\/wp-json\/wp\/v2\/types\/product"}],"replies":[{"embeddable":true,"href":"https:\/\/tpohotelariaecasa.pt\/index.php\/wp-json\/wp\/v2\/comments?post=9496343"}],"wp:featuredmedia":[{"embeddable":true,"href":"https:\/\/tpohotelariaecasa.pt\/index.php\/wp-json\/wp\/v2\/media\/9496342"}],"wp:attachment":[{"href":"https:\/\/tpohotelariaecasa.pt\/index.php\/wp-json\/wp\/v2\/media?parent=9496343"}],"wp:term":[{"taxonomy":"product_cat","embeddable":true,"href":"https:\/\/tpohotelariaecasa.pt\/index.php\/wp-json\/wp\/v2\/product_cat?post=9496343"},{"taxonomy":"product_tag","embeddable":true,"href":"https:\/\/tpohotelariaecasa.pt\/index.php\/wp-json\/wp\/v2\/product_tag?post=9496343"}],"curies":[{"name":"wp","href":"https:\/\/api.w.org\/{rel}","templated":true}]}}