{"id":9496345,"date":"2025-03-20T08:03:20","date_gmt":"2025-03-20T08:03:20","guid":{"rendered":"https:\/\/tpohotelariaecasa.pt\/index.php\/product\/panela-wok-o36-cm-aco-inoxidavel-inducao\/"},"modified":"2025-04-03T09:10:14","modified_gmt":"2025-04-03T09:10:14","slug":"panela-wok-o36-cm-aco-inoxidavel-inducao","status":"publish","type":"product","link":"https:\/\/tpohotelariaecasa.pt\/index.php\/product\/panela-wok-o36-cm-aco-inoxidavel-inducao\/","title":{"rendered":"Panela Wok &#8211; \u00d836 cm &#8211; A\u00e7o Inoxid\u00e1vel &#8211; Indu\u00e7\u00e3o"},"content":{"rendered":"","protected":false},"excerpt":{"rendered":"<p>Procura uma panela de wok perfeitamente adequada para o wok de indu\u00e7\u00e3o para uma distribui\u00e7\u00e3o \u00f3ptima do calor? Com esta panela de indu\u00e7\u00e3o wok de a\u00e7o inoxid\u00e1vel de alta qualidade, pode cozinhar os pratos mais deliciosos na cozinha profissional consulte Mais informa\u00e7\u00e3o<\/p>\n","protected":false},"featured_media":9496344,"comment_status":"open","ping_status":"closed","template":"","meta":[],"product_cat":[21,109],"product_tag":[],"class_list":["post-9496345","product","type-product","status-publish","has-post-thumbnail","hentry","product_cat-restauracao","product_cat-outros-produtos-aco-inox","product_shipping_class-pph"],"_links":{"self":[{"href":"https:\/\/tpohotelariaecasa.pt\/index.php\/wp-json\/wp\/v2\/product\/9496345"}],"collection":[{"href":"https:\/\/tpohotelariaecasa.pt\/index.php\/wp-json\/wp\/v2\/product"}],"about":[{"href":"https:\/\/tpohotelariaecasa.pt\/index.php\/wp-json\/wp\/v2\/types\/product"}],"replies":[{"embeddable":true,"href":"https:\/\/tpohotelariaecasa.pt\/index.php\/wp-json\/wp\/v2\/comments?post=9496345"}],"wp:featuredmedia":[{"embeddable":true,"href":"https:\/\/tpohotelariaecasa.pt\/index.php\/wp-json\/wp\/v2\/media\/9496344"}],"wp:attachment":[{"href":"https:\/\/tpohotelariaecasa.pt\/index.php\/wp-json\/wp\/v2\/media?parent=9496345"}],"wp:term":[{"taxonomy":"product_cat","embeddable":true,"href":"https:\/\/tpohotelariaecasa.pt\/index.php\/wp-json\/wp\/v2\/product_cat?post=9496345"},{"taxonomy":"product_tag","embeddable":true,"href":"https:\/\/tpohotelariaecasa.pt\/index.php\/wp-json\/wp\/v2\/product_tag?post=9496345"}],"curies":[{"name":"wp","href":"https:\/\/api.w.org\/{rel}","templated":true}]}}