{"id":9496347,"date":"2025-03-20T08:03:21","date_gmt":"2025-03-20T08:03:21","guid":{"rendered":"https:\/\/tpohotelariaecasa.pt\/index.php\/product\/maquina-de-gofres-6-bolos-de-gelado\/"},"modified":"2025-04-03T09:10:14","modified_gmt":"2025-04-03T09:10:14","slug":"maquina-de-gofres-6-bolos-de-gelado","status":"publish","type":"product","link":"https:\/\/tpohotelariaecasa.pt\/index.php\/product\/maquina-de-gofres-6-bolos-de-gelado\/","title":{"rendered":"M\u00e1quina de Gofres &#8211; 6 Bolos de Gelado"},"content":{"rendered":"","protected":false},"excerpt":{"rendered":"<p>Os bolos estaladi\u00e7os s\u00e3o guloseimas alegres para qualquer momento do dia. Pode literalmente dar a este saboroso petisco o seu pr\u00f3prio toque. Com esta m\u00e1quina rotativa de fazer waffles, pode facilmente fazer 6 estaladi\u00e7os de bolo em perfeita forma. \u00c9 adequado para v\u00e1rios tipos de massa de bolo. consulte Mais informa\u00e7\u00e3o<\/p>\n","protected":false},"featured_media":9496346,"comment_status":"open","ping_status":"closed","template":"","meta":[],"product_cat":[21,87],"product_tag":[],"class_list":["post-9496347","product","type-product","status-publish","has-post-thumbnail","hentry","product_cat-restauracao","product_cat-mquina-de-waffles","product_shipping_class-pph"],"_links":{"self":[{"href":"https:\/\/tpohotelariaecasa.pt\/index.php\/wp-json\/wp\/v2\/product\/9496347"}],"collection":[{"href":"https:\/\/tpohotelariaecasa.pt\/index.php\/wp-json\/wp\/v2\/product"}],"about":[{"href":"https:\/\/tpohotelariaecasa.pt\/index.php\/wp-json\/wp\/v2\/types\/product"}],"replies":[{"embeddable":true,"href":"https:\/\/tpohotelariaecasa.pt\/index.php\/wp-json\/wp\/v2\/comments?post=9496347"}],"wp:featuredmedia":[{"embeddable":true,"href":"https:\/\/tpohotelariaecasa.pt\/index.php\/wp-json\/wp\/v2\/media\/9496346"}],"wp:attachment":[{"href":"https:\/\/tpohotelariaecasa.pt\/index.php\/wp-json\/wp\/v2\/media?parent=9496347"}],"wp:term":[{"taxonomy":"product_cat","embeddable":true,"href":"https:\/\/tpohotelariaecasa.pt\/index.php\/wp-json\/wp\/v2\/product_cat?post=9496347"},{"taxonomy":"product_tag","embeddable":true,"href":"https:\/\/tpohotelariaecasa.pt\/index.php\/wp-json\/wp\/v2\/product_tag?post=9496347"}],"curies":[{"name":"wp","href":"https:\/\/api.w.org\/{rel}","templated":true}]}}