{"id":9496351,"date":"2025-03-20T08:03:22","date_gmt":"2025-03-20T08:03:22","guid":{"rendered":"https:\/\/tpohotelariaecasa.pt\/index.php\/product\/heavy-duty-fogao-de-placa-ardente-1-queimador-unidade-dupla-70-cm-de-profundidade-gas\/"},"modified":"2025-04-03T09:10:14","modified_gmt":"2025-04-03T09:10:14","slug":"heavy-duty-fogao-de-placa-ardente-1-queimador-unidade-dupla-70-cm-de-profundidade-gas","status":"publish","type":"product","link":"https:\/\/tpohotelariaecasa.pt\/index.php\/product\/heavy-duty-fogao-de-placa-ardente-1-queimador-unidade-dupla-70-cm-de-profundidade-gas\/","title":{"rendered":"Heavy Duty Fog\u00e3o de Placa Ardente &#8211; 1 Queimador &#8211; Unidade Dupla &#8211; 70 cm de Profundidade &#8211; G\u00e1s"},"content":{"rendered":"","protected":false},"excerpt":{"rendered":"<p>Os pratos que necessitam de um longo tempo de cozedura est\u00e3o em boas m\u00e3os com esta placa. Deixe o guisado, a cozedura em lume brando e lenta para este luxuoso dispositivo de a\u00e7o inoxid\u00e1vel, que continua com outras tarefas. Desta forma, pode libertar capacidade no seu fog\u00e3o para outros pratos que necessitem de um tempo de rota\u00e7\u00e3o mais r\u00e1pido. consulte Mais informa\u00e7\u00e3o<\/p>\n","protected":false},"featured_media":9496350,"comment_status":"open","ping_status":"closed","template":"","meta":[],"product_cat":[21,84],"product_tag":[],"class_list":["post-9496351","product","type-product","status-publish","has-post-thumbnail","hentry","product_cat-restauracao","product_cat-fogoesepanelas","product_shipping_class-gph"],"_links":{"self":[{"href":"https:\/\/tpohotelariaecasa.pt\/index.php\/wp-json\/wp\/v2\/product\/9496351"}],"collection":[{"href":"https:\/\/tpohotelariaecasa.pt\/index.php\/wp-json\/wp\/v2\/product"}],"about":[{"href":"https:\/\/tpohotelariaecasa.pt\/index.php\/wp-json\/wp\/v2\/types\/product"}],"replies":[{"embeddable":true,"href":"https:\/\/tpohotelariaecasa.pt\/index.php\/wp-json\/wp\/v2\/comments?post=9496351"}],"wp:featuredmedia":[{"embeddable":true,"href":"https:\/\/tpohotelariaecasa.pt\/index.php\/wp-json\/wp\/v2\/media\/9496350"}],"wp:attachment":[{"href":"https:\/\/tpohotelariaecasa.pt\/index.php\/wp-json\/wp\/v2\/media?parent=9496351"}],"wp:term":[{"taxonomy":"product_cat","embeddable":true,"href":"https:\/\/tpohotelariaecasa.pt\/index.php\/wp-json\/wp\/v2\/product_cat?post=9496351"},{"taxonomy":"product_tag","embeddable":true,"href":"https:\/\/tpohotelariaecasa.pt\/index.php\/wp-json\/wp\/v2\/product_tag?post=9496351"}],"curies":[{"name":"wp","href":"https:\/\/api.w.org\/{rel}","templated":true}]}}