{"id":9496355,"date":"2025-03-20T08:03:23","date_gmt":"2025-03-20T08:03:23","guid":{"rendered":"https:\/\/tpohotelariaecasa.pt\/index.php\/product\/maquina-de-descascar-batatas-15-kg-300-kg-h\/"},"modified":"2025-04-03T09:10:14","modified_gmt":"2025-04-03T09:10:14","slug":"maquina-de-descascar-batatas-15-kg-300-kg-h","status":"publish","type":"product","link":"https:\/\/tpohotelariaecasa.pt\/index.php\/product\/maquina-de-descascar-batatas-15-kg-300-kg-h\/","title":{"rendered":"M\u00e1quina de Descascar Batatas &#8211; 15 kg &#8211; 300 kg\/h"},"content":{"rendered":"","protected":false},"excerpt":{"rendered":"<p>Se utilizar grandes quantidades de batatas ou cenouras na cozinha, ent\u00e3o esta robusta m\u00e1quina de descascar batatas \u00e9 uma mais-valia para o seu neg\u00f3cio de catering. Descasca e lava facilmente 300kg de batatas por hora. consulte Mais informa\u00e7\u00e3o<\/p>\n","protected":false},"featured_media":9496354,"comment_status":"open","ping_status":"closed","template":"","meta":[],"product_cat":[21,122],"product_tag":[],"class_list":["post-9496355","product","type-product","status-publish","has-post-thumbnail","hentry","product_cat-restauracao","product_cat-descascadores-de-batatas","product_shipping_class-gph"],"_links":{"self":[{"href":"https:\/\/tpohotelariaecasa.pt\/index.php\/wp-json\/wp\/v2\/product\/9496355"}],"collection":[{"href":"https:\/\/tpohotelariaecasa.pt\/index.php\/wp-json\/wp\/v2\/product"}],"about":[{"href":"https:\/\/tpohotelariaecasa.pt\/index.php\/wp-json\/wp\/v2\/types\/product"}],"replies":[{"embeddable":true,"href":"https:\/\/tpohotelariaecasa.pt\/index.php\/wp-json\/wp\/v2\/comments?post=9496355"}],"wp:featuredmedia":[{"embeddable":true,"href":"https:\/\/tpohotelariaecasa.pt\/index.php\/wp-json\/wp\/v2\/media\/9496354"}],"wp:attachment":[{"href":"https:\/\/tpohotelariaecasa.pt\/index.php\/wp-json\/wp\/v2\/media?parent=9496355"}],"wp:term":[{"taxonomy":"product_cat","embeddable":true,"href":"https:\/\/tpohotelariaecasa.pt\/index.php\/wp-json\/wp\/v2\/product_cat?post=9496355"},{"taxonomy":"product_tag","embeddable":true,"href":"https:\/\/tpohotelariaecasa.pt\/index.php\/wp-json\/wp\/v2\/product_tag?post=9496355"}],"curies":[{"name":"wp","href":"https:\/\/api.w.org\/{rel}","templated":true}]}}