{"id":9496357,"date":"2025-03-20T08:03:24","date_gmt":"2025-03-20T08:03:24","guid":{"rendered":"https:\/\/tpohotelariaecasa.pt\/index.php\/product\/congelador-800-l-6-prateleiras-ajustaveis-sobre-rodas-incl-prateleiras\/"},"modified":"2025-04-03T09:10:14","modified_gmt":"2025-04-03T09:10:14","slug":"congelador-800-l-6-prateleiras-ajustaveis-sobre-rodas-incl-prateleiras","status":"publish","type":"product","link":"https:\/\/tpohotelariaecasa.pt\/index.php\/product\/congelador-800-l-6-prateleiras-ajustaveis-sobre-rodas-incl-prateleiras\/","title":{"rendered":"Congelador &#8211; 800 l &#8211; 6 Prateleiras Ajust\u00e1veis &#8211; Sobre Rodas &#8211; incl Prateleiras"},"content":{"rendered":"","protected":false},"excerpt":{"rendered":"<p>Se procura um congelador espa\u00e7oso com grelhas regul\u00e1veis em altura, este congelador de duas portas de 800 litros \u00e9 perfeito. \u00c9 fornecido com seis prateleiras que podem ser ajustadas em altura em incrementos de 5 cm. Tamb\u00e9m \u00e9 poss\u00edvel adicionar v\u00e1rios n\u00edveis. consulte Mais informa\u00e7\u00e3o<\/p>\n","protected":false},"featured_media":9496356,"comment_status":"open","ping_status":"closed","template":"","meta":[],"product_cat":[71,21,138],"product_tag":[],"class_list":["post-9496357","product","type-product","status-publish","has-post-thumbnail","hentry","product_cat-arcas-de-congelao","product_cat-restauracao","product_cat-frio-industrial","product_shipping_class-gph"],"_links":{"self":[{"href":"https:\/\/tpohotelariaecasa.pt\/index.php\/wp-json\/wp\/v2\/product\/9496357"}],"collection":[{"href":"https:\/\/tpohotelariaecasa.pt\/index.php\/wp-json\/wp\/v2\/product"}],"about":[{"href":"https:\/\/tpohotelariaecasa.pt\/index.php\/wp-json\/wp\/v2\/types\/product"}],"replies":[{"embeddable":true,"href":"https:\/\/tpohotelariaecasa.pt\/index.php\/wp-json\/wp\/v2\/comments?post=9496357"}],"wp:featuredmedia":[{"embeddable":true,"href":"https:\/\/tpohotelariaecasa.pt\/index.php\/wp-json\/wp\/v2\/media\/9496356"}],"wp:attachment":[{"href":"https:\/\/tpohotelariaecasa.pt\/index.php\/wp-json\/wp\/v2\/media?parent=9496357"}],"wp:term":[{"taxonomy":"product_cat","embeddable":true,"href":"https:\/\/tpohotelariaecasa.pt\/index.php\/wp-json\/wp\/v2\/product_cat?post=9496357"},{"taxonomy":"product_tag","embeddable":true,"href":"https:\/\/tpohotelariaecasa.pt\/index.php\/wp-json\/wp\/v2\/product_tag?post=9496357"}],"curies":[{"name":"wp","href":"https:\/\/api.w.org\/{rel}","templated":true}]}}