{"id":9496363,"date":"2025-03-20T08:03:27","date_gmt":"2025-03-20T08:03:27","guid":{"rendered":"https:\/\/tpohotelariaecasa.pt\/index.php\/product\/triturador-de-gelo-3l-preto\/"},"modified":"2025-04-03T09:10:14","modified_gmt":"2025-04-03T09:10:14","slug":"triturador-de-gelo-3l-preto","status":"publish","type":"product","link":"https:\/\/tpohotelariaecasa.pt\/index.php\/product\/triturador-de-gelo-3l-preto\/","title":{"rendered":"Triturador de Gelo &#8211; 3L &#8211; Preto"},"content":{"rendered":"","protected":false},"excerpt":{"rendered":"<p>Sirva os seus cocktails bem gelados com este pr\u00e1tico triturador de gelo. Atrav\u00e9s do bico de sa\u00edda, os cubos de gelo saem do triturador de gelo esmagados em apenas 30 segundos e podem ser adicionados \u00e0s bebidas. consulte Mais informa\u00e7\u00e3o<\/p>\n","protected":false},"featured_media":9496362,"comment_status":"open","ping_status":"closed","template":"","meta":[],"product_cat":[21,68],"product_tag":[],"class_list":["post-9496363","product","type-product","status-publish","has-post-thumbnail","hentry","product_cat-restauracao","product_cat-mquinas-de-gelo","product_shipping_class-pph"],"_links":{"self":[{"href":"https:\/\/tpohotelariaecasa.pt\/index.php\/wp-json\/wp\/v2\/product\/9496363"}],"collection":[{"href":"https:\/\/tpohotelariaecasa.pt\/index.php\/wp-json\/wp\/v2\/product"}],"about":[{"href":"https:\/\/tpohotelariaecasa.pt\/index.php\/wp-json\/wp\/v2\/types\/product"}],"replies":[{"embeddable":true,"href":"https:\/\/tpohotelariaecasa.pt\/index.php\/wp-json\/wp\/v2\/comments?post=9496363"}],"wp:featuredmedia":[{"embeddable":true,"href":"https:\/\/tpohotelariaecasa.pt\/index.php\/wp-json\/wp\/v2\/media\/9496362"}],"wp:attachment":[{"href":"https:\/\/tpohotelariaecasa.pt\/index.php\/wp-json\/wp\/v2\/media?parent=9496363"}],"wp:term":[{"taxonomy":"product_cat","embeddable":true,"href":"https:\/\/tpohotelariaecasa.pt\/index.php\/wp-json\/wp\/v2\/product_cat?post=9496363"},{"taxonomy":"product_tag","embeddable":true,"href":"https:\/\/tpohotelariaecasa.pt\/index.php\/wp-json\/wp\/v2\/product_tag?post=9496363"}],"curies":[{"name":"wp","href":"https:\/\/api.w.org\/{rel}","templated":true}]}}