{"id":9496379,"date":"2025-03-20T08:03:33","date_gmt":"2025-03-20T08:03:33","guid":{"rendered":"https:\/\/tpohotelariaecasa.pt\/index.php\/product\/misturador-espiral-8l-45-kg-massa-azul\/"},"modified":"2025-04-03T09:10:13","modified_gmt":"2025-04-03T09:10:13","slug":"misturador-espiral-8l-45-kg-massa-azul","status":"publish","type":"product","link":"https:\/\/tpohotelariaecasa.pt\/index.php\/product\/misturador-espiral-8l-45-kg-massa-azul\/","title":{"rendered":"Misturador Espiral &#8211; 8L &#8211; 4,5 kg Massa &#8211; Azul"},"content":{"rendered":"<p>Gra\u00e7as ao seu potente motor, esta amassadeira profissional com uma capacidade de 8 L amassa facilmente at\u00e9 4,5 kg de massa e \u00e9 perfeita para fazer p\u00e3o ou bases de pizza. \u00c9 tamb\u00e9m muito f\u00e1cil de limpar, tornando-a o aparelho ideal para utiliza\u00e7\u00e3o em padarias, caf\u00e9s, supermercados ou mesmo em casa.<\/p>\n","protected":false},"excerpt":{"rendered":"<p>Gra\u00e7as ao seu potente motor, esta amassadeira profissional com uma capacidade de 8 L amassa facilmente at\u00e9 4,5 kg de massa e \u00e9 perfeita para fazer p\u00e3o ou bases de pizza. \u00c9 tamb\u00e9m muito f\u00e1cil de limpar, tornando-a o aparelho ideal para utiliza\u00e7\u00e3o em padarias, caf\u00e9s, supermercados ou mesmo em casa. Est\u00e1 dispon\u00edvel numa variedade de cores. consulte Mais informa\u00e7\u00e3o<\/p>\n","protected":false},"featured_media":9496378,"comment_status":"open","ping_status":"closed","template":"","meta":[],"product_cat":[21,117],"product_tag":[],"class_list":["post-9496379","product","type-product","status-publish","has-post-thumbnail","hentry","product_cat-restauracao","product_cat-amassadeiras","product_shipping_class-gph"],"_links":{"self":[{"href":"https:\/\/tpohotelariaecasa.pt\/index.php\/wp-json\/wp\/v2\/product\/9496379"}],"collection":[{"href":"https:\/\/tpohotelariaecasa.pt\/index.php\/wp-json\/wp\/v2\/product"}],"about":[{"href":"https:\/\/tpohotelariaecasa.pt\/index.php\/wp-json\/wp\/v2\/types\/product"}],"replies":[{"embeddable":true,"href":"https:\/\/tpohotelariaecasa.pt\/index.php\/wp-json\/wp\/v2\/comments?post=9496379"}],"wp:featuredmedia":[{"embeddable":true,"href":"https:\/\/tpohotelariaecasa.pt\/index.php\/wp-json\/wp\/v2\/media\/9496378"}],"wp:attachment":[{"href":"https:\/\/tpohotelariaecasa.pt\/index.php\/wp-json\/wp\/v2\/media?parent=9496379"}],"wp:term":[{"taxonomy":"product_cat","embeddable":true,"href":"https:\/\/tpohotelariaecasa.pt\/index.php\/wp-json\/wp\/v2\/product_cat?post=9496379"},{"taxonomy":"product_tag","embeddable":true,"href":"https:\/\/tpohotelariaecasa.pt\/index.php\/wp-json\/wp\/v2\/product_tag?post=9496379"}],"curies":[{"name":"wp","href":"https:\/\/api.w.org\/{rel}","templated":true}]}}