{"id":9496389,"date":"2025-03-20T08:03:37","date_gmt":"2025-03-20T08:03:37","guid":{"rendered":"https:\/\/tpohotelariaecasa.pt\/index.php\/product\/heavy-duty-fogao-4-queimadores-unidade-dupla-70-cm-de-profundidade-eletrico\/"},"modified":"2025-04-03T09:10:13","modified_gmt":"2025-04-03T09:10:13","slug":"heavy-duty-fogao-4-queimadores-unidade-dupla-70-cm-de-profundidade-eletrico","status":"publish","type":"product","link":"https:\/\/tpohotelariaecasa.pt\/index.php\/product\/heavy-duty-fogao-4-queimadores-unidade-dupla-70-cm-de-profundidade-eletrico\/","title":{"rendered":"Heavy Duty Fog\u00e3o &#8211; 4 Queimadores &#8211; Unidade Dupla &#8211; 70 cm de Profundidade &#8211; El\u00e9trico"},"content":{"rendered":"","protected":false},"excerpt":{"rendered":"<p>Os quatro queimadores desta placa de fog\u00e3o el\u00e9ctrica Heavy Duty s\u00e3o feitos de a\u00e7o inoxid\u00e1vel e s\u00e3o ideais para uma utiliza\u00e7\u00e3o di\u00e1ria intensiva em qualquer cozinha movimentada. Esta placa de fog\u00e3o \u00e9 adequada para instala\u00e7\u00e3o numa parede de cozedura ou numa linha de cozedura existente ou nova. consulte Mais informa\u00e7\u00e3o<\/p>\n","protected":false},"featured_media":9496388,"comment_status":"open","ping_status":"closed","template":"","meta":[],"product_cat":[21,84],"product_tag":[],"class_list":["post-9496389","product","type-product","status-publish","has-post-thumbnail","hentry","product_cat-restauracao","product_cat-fogoesepanelas","product_shipping_class-gph"],"_links":{"self":[{"href":"https:\/\/tpohotelariaecasa.pt\/index.php\/wp-json\/wp\/v2\/product\/9496389"}],"collection":[{"href":"https:\/\/tpohotelariaecasa.pt\/index.php\/wp-json\/wp\/v2\/product"}],"about":[{"href":"https:\/\/tpohotelariaecasa.pt\/index.php\/wp-json\/wp\/v2\/types\/product"}],"replies":[{"embeddable":true,"href":"https:\/\/tpohotelariaecasa.pt\/index.php\/wp-json\/wp\/v2\/comments?post=9496389"}],"wp:featuredmedia":[{"embeddable":true,"href":"https:\/\/tpohotelariaecasa.pt\/index.php\/wp-json\/wp\/v2\/media\/9496388"}],"wp:attachment":[{"href":"https:\/\/tpohotelariaecasa.pt\/index.php\/wp-json\/wp\/v2\/media?parent=9496389"}],"wp:term":[{"taxonomy":"product_cat","embeddable":true,"href":"https:\/\/tpohotelariaecasa.pt\/index.php\/wp-json\/wp\/v2\/product_cat?post=9496389"},{"taxonomy":"product_tag","embeddable":true,"href":"https:\/\/tpohotelariaecasa.pt\/index.php\/wp-json\/wp\/v2\/product_tag?post=9496389"}],"curies":[{"name":"wp","href":"https:\/\/api.w.org\/{rel}","templated":true}]}}