{"id":9496393,"date":"2025-03-20T08:03:39","date_gmt":"2025-03-20T08:03:39","guid":{"rendered":"https:\/\/tpohotelariaecasa.pt\/index.php\/product\/heavy-duty-placa-de-grelhar-cromado-liso-unidade-simples-70-cm-de-profundidade-gas\/"},"modified":"2025-04-03T09:10:13","modified_gmt":"2025-04-03T09:10:13","slug":"heavy-duty-placa-de-grelhar-cromado-liso-unidade-simples-70-cm-de-profundidade-gas","status":"publish","type":"product","link":"https:\/\/tpohotelariaecasa.pt\/index.php\/product\/heavy-duty-placa-de-grelhar-cromado-liso-unidade-simples-70-cm-de-profundidade-gas\/","title":{"rendered":"Heavy Duty Placa de Grelhar &#8211; Cromado Liso &#8211; Unidade Simples &#8211; 70 cm de Profundidade &#8211; G\u00e1s"},"content":{"rendered":"","protected":false},"excerpt":{"rendered":"<p>Os pratos mais deliciosos de carne e peixe podem ser preparados com esta grelha de g\u00e1s pesada com uma \u00fanica grelha cromada lisa. O design ergon\u00f3mico e a carca\u00e7a s\u00e3o feitos de a\u00e7o inoxid\u00e1vel espesso e adequados para uso intensivo em cozinhas profissionais. Tamb\u00e9m se pode colocar a chapa de grelhar numa linha de cozedura consulte Mais informa\u00e7\u00e3o<\/p>\n","protected":false},"featured_media":9496392,"comment_status":"open","ping_status":"closed","template":"","meta":[],"product_cat":[792,794,97,140,788,21],"product_tag":[],"class_list":["post-9496393","product","type-product","status-publish","has-post-thumbnail","hentry","product_cat-mais-vendidos","product_cat-placas-de-grelhar","product_cat-placas-para-grelhar","product_cat-cozedura-aquecimento","product_cat-equipcafebar","product_cat-restauracao","product_shipping_class-gph"],"_links":{"self":[{"href":"https:\/\/tpohotelariaecasa.pt\/index.php\/wp-json\/wp\/v2\/product\/9496393"}],"collection":[{"href":"https:\/\/tpohotelariaecasa.pt\/index.php\/wp-json\/wp\/v2\/product"}],"about":[{"href":"https:\/\/tpohotelariaecasa.pt\/index.php\/wp-json\/wp\/v2\/types\/product"}],"replies":[{"embeddable":true,"href":"https:\/\/tpohotelariaecasa.pt\/index.php\/wp-json\/wp\/v2\/comments?post=9496393"}],"wp:featuredmedia":[{"embeddable":true,"href":"https:\/\/tpohotelariaecasa.pt\/index.php\/wp-json\/wp\/v2\/media\/9496392"}],"wp:attachment":[{"href":"https:\/\/tpohotelariaecasa.pt\/index.php\/wp-json\/wp\/v2\/media?parent=9496393"}],"wp:term":[{"taxonomy":"product_cat","embeddable":true,"href":"https:\/\/tpohotelariaecasa.pt\/index.php\/wp-json\/wp\/v2\/product_cat?post=9496393"},{"taxonomy":"product_tag","embeddable":true,"href":"https:\/\/tpohotelariaecasa.pt\/index.php\/wp-json\/wp\/v2\/product_tag?post=9496393"}],"curies":[{"name":"wp","href":"https:\/\/api.w.org\/{rel}","templated":true}]}}